{"id":99,"date":"2025-04-01T16:19:30","date_gmt":"2025-04-01T13:19:30","guid":{"rendered":"https:\/\/mostekelektronik.com\/?page_id=99"},"modified":"2025-12-18T21:56:35","modified_gmt":"2025-12-18T18:56:35","slug":"iletisim","status":"publish","type":"page","link":"https:\/\/mostekelektronik.com\/index.php\/iletisim\/","title":{"rendered":"\u0130LET\u0130\u015e\u0130M"},"content":{"rendered":"\n<h3 class=\"wp-block-heading\">Adres Bilgisi<\/h3>\n\n\n\n<div class=\"wp-block-columns is-layout-flex wp-container-core-columns-is-layout-9d6595d7 wp-block-columns-is-layout-flex\">\n<div class=\"wp-block-column is-layout-flow wp-block-column-is-layout-flow\" style=\"flex-basis:50%\">\n<p>MOSTEK ELEKTRON\u0130K VE B\u0130LG\u0130SAYAR SANAY\u0130<br>G\u00fcny\u00fcz\u00fc Sok. No:14\/A<br>Talatpa\u015fa Mah. Okmeydan\u0131<br>\u0130stanbul T\u00dcRK\u0130YE<\/p>\n<\/div>\n\n\n\n<div class=\"wp-block-column is-layout-flow wp-block-column-is-layout-flow\" style=\"flex-basis:50%\">\n<p>Phone &#8211; +90 212 221 10 66<br>Mobile &#8211; +90 532 302 21 35<br>Mobile &#8211; +90 542 424 72 80<br>Email &#8211; arslan0532@gmail.com<\/p>\n<\/div>\n<\/div>\n\n\n\n<div style=\"display: flex; gap: 15px; flex-wrap: wrap; margin-bottom: 30px;\">\n    \n    <a href=\"https:\/\/wa.me\/905323022135\" target=\"_blank\" style=\"background-color: #25D366; color: white; padding: 15px 25px; text-decoration: none; border-radius: 5px; font-weight: bold; flex: 1; text-align: center; min-width: 200px; display: inline-flex; align-items: center; justify-content: center;\">\n        <img  title=\"\"  alt=\"WhatsApp \u0130LET\u0130\u015e\u0130M\" loading=\"lazy\" decoding=\"async\" src=\"https:\/\/upload.wikimedia.org\/wikipedia\/commons\/6\/6b\/WhatsApp.svg\" width=\"20\" height=\"20\" style=\"margin-right: 10px; filter: brightness(0) invert(1);\"> \n        WhatsApp ile Yaz\u0131n\n    <\/a>\n\n    <a href=\"mailto:info@mostekelektronik.com\" style=\"background-color: #333; color: white; padding: 15px 25px; text-decoration: none; border-radius: 5px; font-weight: bold; flex: 1; text-align: center; min-width: 200px; display: inline-flex; align-items: center; justify-content: center;\">\n        \u2709\ufe0f E-Posta G\u00f6nderin\n    <\/a>\n\n<\/div>\n\n<div style=\"position: relative; overflow: hidden; padding-top: 56.25%; border-radius: 10px; box-shadow: 0 4px 12px rgba(0,0,0,0.1);\">\n    <iframe \n        width=\"100%\" \n        height=\"100%\" \n        style=\"border:0; position: absolute; top: 0; left: 0;\" \n        loading=\"lazy\" \n        allowfullscreen \n        referrerpolicy=\"no-referrer-when-downgrade\"\n        src=\"https:\/\/maps.google.com\/maps?q=Mostek+Elektronik+Bilgisayar+Talatpa\u015fa+Mah+G\u00fcny\u00fcz\u00fc+Sok+No:14+Ka\u011f\u0131thane&#038;t=&#038;z=15&#038;ie=UTF8&#038;iwloc=&#038;output=embed\">\n    <\/iframe>\n<\/div>\n\n\n\n<div class=\"wp-block-columns is-layout-flex wp-container-core-columns-is-layout-9d6595d7 wp-block-columns-is-layout-flex\">\n<div class=\"wp-block-column is-layout-flow wp-block-column-is-layout-flow\"><\/div>\n\n\n\n<div class=\"wp-block-column is-layout-flow wp-block-column-is-layout-flow\"><\/div>\n<\/div>\n\n\n\n<p><\/p>\n","protected":false},"excerpt":{"rendered":"<p>Adres Bilgisi MOSTEK ELEKTRON\u0130K VE B\u0130LG\u0130SAYAR SANAY\u0130G\u00fcny\u00fcz\u00fc Sok. No:14\/ATalatpa\u015fa Mah. Okmeydan\u0131\u0130stanbul T\u00dcRK\u0130YE Phone &#8211; +90 212 221 10 66Mobile &#8211; +90 532 302 21 35Mobile &#8211; +90 542 424 72 80Email &#8211; arslan0532@gmail.com WhatsApp ile Yaz\u0131n \u2709\ufe0f E-Posta G\u00f6nderin<\/p>\n","protected":false},"author":1,"featured_media":0,"parent":0,"menu_order":0,"comment_status":"closed","ping_status":"closed","template":"","meta":{"footnotes":""},"class_list":["post-99","page","type-page","status-publish","hentry"],"yoast_head":"<!-- This site is optimized with the Yoast SEO plugin v26.5 - https:\/\/yoast.com\/wordpress\/plugins\/seo\/ -->\n<title>\u0130LET\u0130\u015e\u0130M - Mostek Elektronik<\/title>\n<meta name=\"robots\" content=\"index, follow, max-snippet:-1, max-image-preview:large, max-video-preview:-1\" \/>\n<link rel=\"canonical\" href=\"https:\/\/mostekelektronik.com\/index.php\/iletisim\/\" \/>\n<meta property=\"og:locale\" content=\"tr_TR\" \/>\n<meta property=\"og:type\" content=\"article\" \/>\n<meta property=\"og:title\" content=\"\u0130LET\u0130\u015e\u0130M - Mostek Elektronik\" \/>\n<meta property=\"og:description\" content=\"Adres Bilgisi MOSTEK ELEKTRON\u0130K VE B\u0130LG\u0130SAYAR SANAY\u0130G\u00fcny\u00fcz\u00fc Sok. No:14\/ATalatpa\u015fa Mah. Okmeydan\u0131\u0130stanbul T\u00dcRK\u0130YE Phone &#8211; +90 212 221 10 66Mobile &#8211; +90 532 302 21 35Mobile &#8211; +90 542 424 72 80Email &#8211; arslan0532@gmail.com WhatsApp ile Yaz\u0131n \u2709\ufe0f E-Posta G\u00f6nderin\" \/>\n<meta property=\"og:url\" content=\"https:\/\/mostekelektronik.com\/index.php\/iletisim\/\" \/>\n<meta property=\"og:site_name\" content=\"Mostek Elektronik\" \/>\n<meta property=\"article:modified_time\" content=\"2025-12-18T18:56:35+00:00\" \/>\n<meta property=\"og:image\" content=\"https:\/\/upload.wikimedia.org\/wikipedia\/commons\/6\/6b\/WhatsApp.svg\" \/>\n<meta name=\"twitter:card\" content=\"summary_large_image\" \/>\n<meta name=\"twitter:label1\" content=\"Tahmini okuma s\u00fcresi\" \/>\n\t<meta name=\"twitter:data1\" content=\"1 dakika\" \/>\n<script type=\"application\/ld+json\" class=\"yoast-schema-graph\">{\"@context\":\"https:\/\/schema.org\",\"@graph\":[{\"@type\":\"WebPage\",\"@id\":\"https:\/\/mostekelektronik.com\/index.php\/iletisim\/\",\"url\":\"https:\/\/mostekelektronik.com\/index.php\/iletisim\/\",\"name\":\"\u0130LET\u0130\u015e\u0130M - Mostek Elektronik\",\"isPartOf\":{\"@id\":\"https:\/\/mostekelektronik.com\/#website\"},\"primaryImageOfPage\":{\"@id\":\"https:\/\/mostekelektronik.com\/index.php\/iletisim\/#primaryimage\"},\"image\":{\"@id\":\"https:\/\/mostekelektronik.com\/index.php\/iletisim\/#primaryimage\"},\"thumbnailUrl\":\"https:\/\/upload.wikimedia.org\/wikipedia\/commons\/6\/6b\/WhatsApp.svg\",\"datePublished\":\"2025-04-01T13:19:30+00:00\",\"dateModified\":\"2025-12-18T18:56:35+00:00\",\"breadcrumb\":{\"@id\":\"https:\/\/mostekelektronik.com\/index.php\/iletisim\/#breadcrumb\"},\"inLanguage\":\"tr\",\"potentialAction\":[{\"@type\":\"ReadAction\",\"target\":[\"https:\/\/mostekelektronik.com\/index.php\/iletisim\/\"]}]},{\"@type\":\"ImageObject\",\"inLanguage\":\"tr\",\"@id\":\"https:\/\/mostekelektronik.com\/index.php\/iletisim\/#primaryimage\",\"url\":\"https:\/\/upload.wikimedia.org\/wikipedia\/commons\/6\/6b\/WhatsApp.svg\",\"contentUrl\":\"https:\/\/upload.wikimedia.org\/wikipedia\/commons\/6\/6b\/WhatsApp.svg\"},{\"@type\":\"BreadcrumbList\",\"@id\":\"https:\/\/mostekelektronik.com\/index.php\/iletisim\/#breadcrumb\",\"itemListElement\":[{\"@type\":\"ListItem\",\"position\":1,\"name\":\"Anasayfa\",\"item\":\"https:\/\/mostekelektronik.com\/\"},{\"@type\":\"ListItem\",\"position\":2,\"name\":\"\u0130LET\u0130\u015e\u0130M\"}]},{\"@type\":\"WebSite\",\"@id\":\"https:\/\/mostekelektronik.com\/#website\",\"url\":\"https:\/\/mostekelektronik.com\/\",\"name\":\"Mostek Elektronik\",\"description\":\"Oyuncak Yakalama, Boks, Makas Matik, \u00c7arkmatik\",\"publisher\":{\"@id\":\"https:\/\/mostekelektronik.com\/#organization\"},\"potentialAction\":[{\"@type\":\"SearchAction\",\"target\":{\"@type\":\"EntryPoint\",\"urlTemplate\":\"https:\/\/mostekelektronik.com\/?s={search_term_string}\"},\"query-input\":{\"@type\":\"PropertyValueSpecification\",\"valueRequired\":true,\"valueName\":\"search_term_string\"}}],\"inLanguage\":\"tr\"},{\"@type\":\"Organization\",\"@id\":\"https:\/\/mostekelektronik.com\/#organization\",\"name\":\"Mostek Elektronik\",\"url\":\"https:\/\/mostekelektronik.com\/\",\"logo\":{\"@type\":\"ImageObject\",\"inLanguage\":\"tr\",\"@id\":\"https:\/\/mostekelektronik.com\/#\/schema\/logo\/image\/\",\"url\":\"https:\/\/mostekelektronik.com\/wp-content\/uploads\/2025\/04\/cropped-logo.png\",\"contentUrl\":\"https:\/\/mostekelektronik.com\/wp-content\/uploads\/2025\/04\/cropped-logo.png\",\"width\":172,\"height\":48,\"caption\":\"Mostek Elektronik\"},\"image\":{\"@id\":\"https:\/\/mostekelektronik.com\/#\/schema\/logo\/image\/\"}}]}<\/script>\n<!-- \/ Yoast SEO plugin. -->","yoast_head_json":{"title":"\u0130LET\u0130\u015e\u0130M - Mostek Elektronik","robots":{"index":"index","follow":"follow","max-snippet":"max-snippet:-1","max-image-preview":"max-image-preview:large","max-video-preview":"max-video-preview:-1"},"canonical":"https:\/\/mostekelektronik.com\/index.php\/iletisim\/","og_locale":"tr_TR","og_type":"article","og_title":"\u0130LET\u0130\u015e\u0130M - Mostek Elektronik","og_description":"Adres Bilgisi MOSTEK ELEKTRON\u0130K VE B\u0130LG\u0130SAYAR SANAY\u0130G\u00fcny\u00fcz\u00fc Sok. No:14\/ATalatpa\u015fa Mah. Okmeydan\u0131\u0130stanbul T\u00dcRK\u0130YE Phone &#8211; +90 212 221 10 66Mobile &#8211; +90 532 302 21 35Mobile &#8211; +90 542 424 72 80Email &#8211; arslan0532@gmail.com WhatsApp ile Yaz\u0131n \u2709\ufe0f E-Posta G\u00f6nderin","og_url":"https:\/\/mostekelektronik.com\/index.php\/iletisim\/","og_site_name":"Mostek Elektronik","article_modified_time":"2025-12-18T18:56:35+00:00","og_image":[{"url":"https:\/\/upload.wikimedia.org\/wikipedia\/commons\/6\/6b\/WhatsApp.svg","type":"","width":"","height":""}],"twitter_card":"summary_large_image","twitter_misc":{"Tahmini okuma s\u00fcresi":"1 dakika"},"schema":{"@context":"https:\/\/schema.org","@graph":[{"@type":"WebPage","@id":"https:\/\/mostekelektronik.com\/index.php\/iletisim\/","url":"https:\/\/mostekelektronik.com\/index.php\/iletisim\/","name":"\u0130LET\u0130\u015e\u0130M - Mostek Elektronik","isPartOf":{"@id":"https:\/\/mostekelektronik.com\/#website"},"primaryImageOfPage":{"@id":"https:\/\/mostekelektronik.com\/index.php\/iletisim\/#primaryimage"},"image":{"@id":"https:\/\/mostekelektronik.com\/index.php\/iletisim\/#primaryimage"},"thumbnailUrl":"https:\/\/upload.wikimedia.org\/wikipedia\/commons\/6\/6b\/WhatsApp.svg","datePublished":"2025-04-01T13:19:30+00:00","dateModified":"2025-12-18T18:56:35+00:00","breadcrumb":{"@id":"https:\/\/mostekelektronik.com\/index.php\/iletisim\/#breadcrumb"},"inLanguage":"tr","potentialAction":[{"@type":"ReadAction","target":["https:\/\/mostekelektronik.com\/index.php\/iletisim\/"]}]},{"@type":"ImageObject","inLanguage":"tr","@id":"https:\/\/mostekelektronik.com\/index.php\/iletisim\/#primaryimage","url":"https:\/\/upload.wikimedia.org\/wikipedia\/commons\/6\/6b\/WhatsApp.svg","contentUrl":"https:\/\/upload.wikimedia.org\/wikipedia\/commons\/6\/6b\/WhatsApp.svg"},{"@type":"BreadcrumbList","@id":"https:\/\/mostekelektronik.com\/index.php\/iletisim\/#breadcrumb","itemListElement":[{"@type":"ListItem","position":1,"name":"Anasayfa","item":"https:\/\/mostekelektronik.com\/"},{"@type":"ListItem","position":2,"name":"\u0130LET\u0130\u015e\u0130M"}]},{"@type":"WebSite","@id":"https:\/\/mostekelektronik.com\/#website","url":"https:\/\/mostekelektronik.com\/","name":"Mostek Elektronik","description":"Oyuncak Yakalama, Boks, Makas Matik, \u00c7arkmatik","publisher":{"@id":"https:\/\/mostekelektronik.com\/#organization"},"potentialAction":[{"@type":"SearchAction","target":{"@type":"EntryPoint","urlTemplate":"https:\/\/mostekelektronik.com\/?s={search_term_string}"},"query-input":{"@type":"PropertyValueSpecification","valueRequired":true,"valueName":"search_term_string"}}],"inLanguage":"tr"},{"@type":"Organization","@id":"https:\/\/mostekelektronik.com\/#organization","name":"Mostek Elektronik","url":"https:\/\/mostekelektronik.com\/","logo":{"@type":"ImageObject","inLanguage":"tr","@id":"https:\/\/mostekelektronik.com\/#\/schema\/logo\/image\/","url":"https:\/\/mostekelektronik.com\/wp-content\/uploads\/2025\/04\/cropped-logo.png","contentUrl":"https:\/\/mostekelektronik.com\/wp-content\/uploads\/2025\/04\/cropped-logo.png","width":172,"height":48,"caption":"Mostek Elektronik"},"image":{"@id":"https:\/\/mostekelektronik.com\/#\/schema\/logo\/image\/"}}]}},"_links":{"self":[{"href":"https:\/\/mostekelektronik.com\/index.php\/wp-json\/wp\/v2\/pages\/99","targetHints":{"allow":["GET"]}}],"collection":[{"href":"https:\/\/mostekelektronik.com\/index.php\/wp-json\/wp\/v2\/pages"}],"about":[{"href":"https:\/\/mostekelektronik.com\/index.php\/wp-json\/wp\/v2\/types\/page"}],"author":[{"embeddable":true,"href":"https:\/\/mostekelektronik.com\/index.php\/wp-json\/wp\/v2\/users\/1"}],"replies":[{"embeddable":true,"href":"https:\/\/mostekelektronik.com\/index.php\/wp-json\/wp\/v2\/comments?post=99"}],"version-history":[{"count":9,"href":"https:\/\/mostekelektronik.com\/index.php\/wp-json\/wp\/v2\/pages\/99\/revisions"}],"predecessor-version":[{"id":281,"href":"https:\/\/mostekelektronik.com\/index.php\/wp-json\/wp\/v2\/pages\/99\/revisions\/281"}],"wp:attachment":[{"href":"https:\/\/mostekelektronik.com\/index.php\/wp-json\/wp\/v2\/media?parent=99"}],"curies":[{"name":"wp","href":"https:\/\/api.w.org\/{rel}","templated":true}]}}