{"id":96,"date":"2025-04-01T16:14:52","date_gmt":"2025-04-01T13:14:52","guid":{"rendered":"https:\/\/mostekelektronik.com\/?page_id=96"},"modified":"2025-12-18T21:56:55","modified_gmt":"2025-12-18T18:56:55","slug":"hakkimizda","status":"publish","type":"page","link":"https:\/\/mostekelektronik.com\/index.php\/hakkimizda\/","title":{"rendered":"HAKKIMIZDA"},"content":{"rendered":"\n<p>Mostek Elektronik Bilgisayar San. ve Tic Ltd. \u015eti.<\/p>\n\n\n\n<p><strong>1990<\/strong><br>Mostek Elektronik temelleri 1985&#8217;li y\u0131llardan itibaren yayg\u0131nla\u015fan atari salonlar\u0131na, yurt d\u0131\u015f\u0131ndan getirilen atarilerin yerli \u00fcretiminin yap\u0131lmas\u0131 amac\u0131 ile millile\u015ftirmek i\u00e7in kurulmu\u015ftur. \u00dcretimlerine 1990 y\u0131l\u0131nda ba\u015flayan Mostek Elektronik t\u00fcm T\u00fcrkiye ve kom\u015fu \u00fclkeler ile orta do\u011fu \u00fclkelerinde ismini duyurmu\u015ftur.<br><strong>2004<\/strong><br>Konsol oyunlar\u0131n\u0131n yayg\u0131nla\u015fmas\u0131 ile atari sekt\u00f6r\u00fcn\u00fcn son demlerini ya\u015fad\u0131\u011f\u0131 d\u00f6nemde otomat \u00fcretimine h\u0131z veren firmam\u0131z g\u00fcn\u00fcm\u00fczde hala ad\u0131n\u0131 s\u0131k\u00e7a duydu\u011fumuz oyuncak yakalama &#8220;Kep\u00e7e&#8221; makinelerinin ilk yerli \u00fcreticilerinden olmu\u015ftur.<br><strong>2010<\/strong><br>Makas Matik ad\u0131 ile patenli yeni oyun makinemizin arge \u00e7al\u0131\u015fmalar\u0131n\u0131 tamamlad\u0131k ve seri \u00fcretime ba\u015flad\u0131k. MakasMatik ile T\u00fcrkiye&#8217;de bir kez daha kendi geli\u015ftirdi\u011fimiz \u00fcr\u00fcne patent alma ba\u015far\u0131s\u0131n\u0131 g\u00f6sterdik.<br><strong>2012<\/strong><br>Kablosuz kontrol art\u0131k m\u00fcmk\u00fcn. Oyun makinelerimizin t\u00fcm ayarlar\u0131n\u0131 evinizden yapabilir ve ar\u0131za kay\u0131tlar\u0131n\u0131 istatistiklerini takip edebilirsiniz. GSM ve WiFi ile ba\u011flant\u0131 kurulabilen kontrol mod\u00fclleri cihazlar\u0131m\u0131za eklendi.<br><strong>2015<\/strong><br>T\u00fcm oyuncak makinelerimiz art\u0131k konu\u015fuyor! Kendi eksikli\u011fini ve ar\u0131zas\u0131n\u0131 s\u00f6yl\u00fcyor.. (\u00d6zellikleri ile beraber d\u00fcnyada bir e\u015fi yok) Makinelerimizde eri\u015filebilirli\u011fi artt\u0131rmak amac\u0131 ile olu\u015fan sorunlar\u0131 kod sisteminden sesli uyar\u0131 mod\u00fcl\u00fc ekleyerek g\u00fcncelledik.<br><strong>2018<\/strong><br>Geli\u015fen teknoloji ve ihtiya\u00e7lar\u0131n de\u011fi\u015fimine kay\u0131ts\u0131z kalmayan firmam\u0131z sim\u00fclat\u00f6r teknolojileri konusunda ar-ge faaliyetleri s\u00fcrd\u00fcrmektedir. Yenilenebilir enerji kaynaklar\u0131 projelerimiz ve sim\u00fclat\u00f6r geli\u015ftirme s\u00fcrecimizi 2019 y\u0131l\u0131nda tamamlamay\u0131 hedefliyoruz.<\/p>\n","protected":false},"excerpt":{"rendered":"<p>Mostek Elektronik Bilgisayar San. ve Tic Ltd. \u015eti. 1990Mostek Elektronik temelleri 1985&#8217;li y\u0131llardan itibaren yayg\u0131nla\u015fan atari salonlar\u0131na, yurt d\u0131\u015f\u0131ndan getirilen atarilerin yerli \u00fcretiminin yap\u0131lmas\u0131 amac\u0131 ile millile\u015ftirmek i\u00e7in kurulmu\u015ftur. \u00dcretimlerine 1990 y\u0131l\u0131nda ba\u015flayan Mostek Elektronik t\u00fcm T\u00fcrkiye ve kom\u015fu \u00fclkeler ile orta do\u011fu \u00fclkelerinde ismini duyurmu\u015ftur.2004Konsol oyunlar\u0131n\u0131n yayg\u0131nla\u015fmas\u0131 ile atari sekt\u00f6r\u00fcn\u00fcn son demlerini ya\u015fad\u0131\u011f\u0131 d\u00f6nemde [&hellip;]<\/p>\n","protected":false},"author":1,"featured_media":0,"parent":0,"menu_order":0,"comment_status":"closed","ping_status":"closed","template":"","meta":{"footnotes":""},"class_list":["post-96","page","type-page","status-publish","hentry"],"yoast_head":"<!-- This site is optimized with the Yoast SEO plugin v26.5 - https:\/\/yoast.com\/wordpress\/plugins\/seo\/ -->\n<title>HAKKIMIZDA - Mostek Elektronik<\/title>\n<meta name=\"robots\" content=\"index, follow, max-snippet:-1, max-image-preview:large, max-video-preview:-1\" \/>\n<link rel=\"canonical\" href=\"https:\/\/mostekelektronik.com\/index.php\/hakkimizda\/\" \/>\n<meta property=\"og:locale\" content=\"tr_TR\" \/>\n<meta property=\"og:type\" content=\"article\" \/>\n<meta property=\"og:title\" content=\"HAKKIMIZDA - Mostek Elektronik\" \/>\n<meta property=\"og:description\" content=\"Mostek Elektronik Bilgisayar San. ve Tic Ltd. \u015eti. 1990Mostek Elektronik temelleri 1985&#8217;li y\u0131llardan itibaren yayg\u0131nla\u015fan atari salonlar\u0131na, yurt d\u0131\u015f\u0131ndan getirilen atarilerin yerli \u00fcretiminin yap\u0131lmas\u0131 amac\u0131 ile millile\u015ftirmek i\u00e7in kurulmu\u015ftur. \u00dcretimlerine 1990 y\u0131l\u0131nda ba\u015flayan Mostek Elektronik t\u00fcm T\u00fcrkiye ve kom\u015fu \u00fclkeler ile orta do\u011fu \u00fclkelerinde ismini duyurmu\u015ftur.2004Konsol oyunlar\u0131n\u0131n yayg\u0131nla\u015fmas\u0131 ile atari sekt\u00f6r\u00fcn\u00fcn son demlerini ya\u015fad\u0131\u011f\u0131 d\u00f6nemde [&hellip;]\" \/>\n<meta property=\"og:url\" content=\"https:\/\/mostekelektronik.com\/index.php\/hakkimizda\/\" \/>\n<meta property=\"og:site_name\" content=\"Mostek Elektronik\" \/>\n<meta property=\"article:modified_time\" content=\"2025-12-18T18:56:55+00:00\" \/>\n<meta name=\"twitter:card\" content=\"summary_large_image\" \/>\n<meta name=\"twitter:label1\" content=\"Tahmini okuma s\u00fcresi\" \/>\n\t<meta name=\"twitter:data1\" content=\"2 dakika\" \/>\n<script type=\"application\/ld+json\" class=\"yoast-schema-graph\">{\"@context\":\"https:\/\/schema.org\",\"@graph\":[{\"@type\":\"WebPage\",\"@id\":\"https:\/\/mostekelektronik.com\/index.php\/hakkimizda\/\",\"url\":\"https:\/\/mostekelektronik.com\/index.php\/hakkimizda\/\",\"name\":\"HAKKIMIZDA - Mostek Elektronik\",\"isPartOf\":{\"@id\":\"https:\/\/mostekelektronik.com\/#website\"},\"datePublished\":\"2025-04-01T13:14:52+00:00\",\"dateModified\":\"2025-12-18T18:56:55+00:00\",\"breadcrumb\":{\"@id\":\"https:\/\/mostekelektronik.com\/index.php\/hakkimizda\/#breadcrumb\"},\"inLanguage\":\"tr\",\"potentialAction\":[{\"@type\":\"ReadAction\",\"target\":[\"https:\/\/mostekelektronik.com\/index.php\/hakkimizda\/\"]}]},{\"@type\":\"BreadcrumbList\",\"@id\":\"https:\/\/mostekelektronik.com\/index.php\/hakkimizda\/#breadcrumb\",\"itemListElement\":[{\"@type\":\"ListItem\",\"position\":1,\"name\":\"Anasayfa\",\"item\":\"https:\/\/mostekelektronik.com\/\"},{\"@type\":\"ListItem\",\"position\":2,\"name\":\"HAKKIMIZDA\"}]},{\"@type\":\"WebSite\",\"@id\":\"https:\/\/mostekelektronik.com\/#website\",\"url\":\"https:\/\/mostekelektronik.com\/\",\"name\":\"Mostek Elektronik\",\"description\":\"Oyuncak Yakalama, Boks, Makas Matik, \u00c7arkmatik\",\"publisher\":{\"@id\":\"https:\/\/mostekelektronik.com\/#organization\"},\"potentialAction\":[{\"@type\":\"SearchAction\",\"target\":{\"@type\":\"EntryPoint\",\"urlTemplate\":\"https:\/\/mostekelektronik.com\/?s={search_term_string}\"},\"query-input\":{\"@type\":\"PropertyValueSpecification\",\"valueRequired\":true,\"valueName\":\"search_term_string\"}}],\"inLanguage\":\"tr\"},{\"@type\":\"Organization\",\"@id\":\"https:\/\/mostekelektronik.com\/#organization\",\"name\":\"Mostek Elektronik\",\"url\":\"https:\/\/mostekelektronik.com\/\",\"logo\":{\"@type\":\"ImageObject\",\"inLanguage\":\"tr\",\"@id\":\"https:\/\/mostekelektronik.com\/#\/schema\/logo\/image\/\",\"url\":\"https:\/\/mostekelektronik.com\/wp-content\/uploads\/2025\/04\/cropped-logo.png\",\"contentUrl\":\"https:\/\/mostekelektronik.com\/wp-content\/uploads\/2025\/04\/cropped-logo.png\",\"width\":172,\"height\":48,\"caption\":\"Mostek Elektronik\"},\"image\":{\"@id\":\"https:\/\/mostekelektronik.com\/#\/schema\/logo\/image\/\"}}]}<\/script>\n<!-- \/ Yoast SEO plugin. -->","yoast_head_json":{"title":"HAKKIMIZDA - Mostek Elektronik","robots":{"index":"index","follow":"follow","max-snippet":"max-snippet:-1","max-image-preview":"max-image-preview:large","max-video-preview":"max-video-preview:-1"},"canonical":"https:\/\/mostekelektronik.com\/index.php\/hakkimizda\/","og_locale":"tr_TR","og_type":"article","og_title":"HAKKIMIZDA - Mostek Elektronik","og_description":"Mostek Elektronik Bilgisayar San. ve Tic Ltd. \u015eti. 1990Mostek Elektronik temelleri 1985&#8217;li y\u0131llardan itibaren yayg\u0131nla\u015fan atari salonlar\u0131na, yurt d\u0131\u015f\u0131ndan getirilen atarilerin yerli \u00fcretiminin yap\u0131lmas\u0131 amac\u0131 ile millile\u015ftirmek i\u00e7in kurulmu\u015ftur. \u00dcretimlerine 1990 y\u0131l\u0131nda ba\u015flayan Mostek Elektronik t\u00fcm T\u00fcrkiye ve kom\u015fu \u00fclkeler ile orta do\u011fu \u00fclkelerinde ismini duyurmu\u015ftur.2004Konsol oyunlar\u0131n\u0131n yayg\u0131nla\u015fmas\u0131 ile atari sekt\u00f6r\u00fcn\u00fcn son demlerini ya\u015fad\u0131\u011f\u0131 d\u00f6nemde [&hellip;]","og_url":"https:\/\/mostekelektronik.com\/index.php\/hakkimizda\/","og_site_name":"Mostek Elektronik","article_modified_time":"2025-12-18T18:56:55+00:00","twitter_card":"summary_large_image","twitter_misc":{"Tahmini okuma s\u00fcresi":"2 dakika"},"schema":{"@context":"https:\/\/schema.org","@graph":[{"@type":"WebPage","@id":"https:\/\/mostekelektronik.com\/index.php\/hakkimizda\/","url":"https:\/\/mostekelektronik.com\/index.php\/hakkimizda\/","name":"HAKKIMIZDA - Mostek Elektronik","isPartOf":{"@id":"https:\/\/mostekelektronik.com\/#website"},"datePublished":"2025-04-01T13:14:52+00:00","dateModified":"2025-12-18T18:56:55+00:00","breadcrumb":{"@id":"https:\/\/mostekelektronik.com\/index.php\/hakkimizda\/#breadcrumb"},"inLanguage":"tr","potentialAction":[{"@type":"ReadAction","target":["https:\/\/mostekelektronik.com\/index.php\/hakkimizda\/"]}]},{"@type":"BreadcrumbList","@id":"https:\/\/mostekelektronik.com\/index.php\/hakkimizda\/#breadcrumb","itemListElement":[{"@type":"ListItem","position":1,"name":"Anasayfa","item":"https:\/\/mostekelektronik.com\/"},{"@type":"ListItem","position":2,"name":"HAKKIMIZDA"}]},{"@type":"WebSite","@id":"https:\/\/mostekelektronik.com\/#website","url":"https:\/\/mostekelektronik.com\/","name":"Mostek Elektronik","description":"Oyuncak Yakalama, Boks, Makas Matik, \u00c7arkmatik","publisher":{"@id":"https:\/\/mostekelektronik.com\/#organization"},"potentialAction":[{"@type":"SearchAction","target":{"@type":"EntryPoint","urlTemplate":"https:\/\/mostekelektronik.com\/?s={search_term_string}"},"query-input":{"@type":"PropertyValueSpecification","valueRequired":true,"valueName":"search_term_string"}}],"inLanguage":"tr"},{"@type":"Organization","@id":"https:\/\/mostekelektronik.com\/#organization","name":"Mostek Elektronik","url":"https:\/\/mostekelektronik.com\/","logo":{"@type":"ImageObject","inLanguage":"tr","@id":"https:\/\/mostekelektronik.com\/#\/schema\/logo\/image\/","url":"https:\/\/mostekelektronik.com\/wp-content\/uploads\/2025\/04\/cropped-logo.png","contentUrl":"https:\/\/mostekelektronik.com\/wp-content\/uploads\/2025\/04\/cropped-logo.png","width":172,"height":48,"caption":"Mostek Elektronik"},"image":{"@id":"https:\/\/mostekelektronik.com\/#\/schema\/logo\/image\/"}}]}},"_links":{"self":[{"href":"https:\/\/mostekelektronik.com\/index.php\/wp-json\/wp\/v2\/pages\/96","targetHints":{"allow":["GET"]}}],"collection":[{"href":"https:\/\/mostekelektronik.com\/index.php\/wp-json\/wp\/v2\/pages"}],"about":[{"href":"https:\/\/mostekelektronik.com\/index.php\/wp-json\/wp\/v2\/types\/page"}],"author":[{"embeddable":true,"href":"https:\/\/mostekelektronik.com\/index.php\/wp-json\/wp\/v2\/users\/1"}],"replies":[{"embeddable":true,"href":"https:\/\/mostekelektronik.com\/index.php\/wp-json\/wp\/v2\/comments?post=96"}],"version-history":[{"count":2,"href":"https:\/\/mostekelektronik.com\/index.php\/wp-json\/wp\/v2\/pages\/96\/revisions"}],"predecessor-version":[{"id":282,"href":"https:\/\/mostekelektronik.com\/index.php\/wp-json\/wp\/v2\/pages\/96\/revisions\/282"}],"wp:attachment":[{"href":"https:\/\/mostekelektronik.com\/index.php\/wp-json\/wp\/v2\/media?parent=96"}],"curies":[{"name":"wp","href":"https:\/\/api.w.org\/{rel}","templated":true}]}}