{"id":271,"date":"2025-12-18T21:52:01","date_gmt":"2025-12-18T18:52:01","guid":{"rendered":"https:\/\/mostekelektronik.com\/?page_id=271"},"modified":"2025-12-18T21:52:01","modified_gmt":"2025-12-18T18:52:01","slug":"kvkk-ve-gizlilik-politikasi","status":"publish","type":"page","link":"https:\/\/mostekelektronik.com\/index.php\/kvkk-ve-gizlilik-politikasi\/","title":{"rendered":"KVKK VE G\u0130ZL\u0130L\u0130K POL\u0130T\u0130KASI"},"content":{"rendered":"\n<p class=\"has-black-color has-text-color has-link-color wp-elements-8f17f44022e64f9675b50e2e1c23c8ce\"><strong>Mostek Elektronik<\/strong> olarak, m\u00fc\u015fterilerimizin ve ziyaret\u00e7ilerimizin ki\u015fisel verilerinin g\u00fcvenli\u011fine b\u00fcy\u00fck \u00f6nem veriyoruz. 6698 say\u0131l\u0131 Ki\u015fisel Verilerin Korunmas\u0131 Kanunu (KVKK) kapsam\u0131nda;<\/p>\n\n\n\n<ol start=\"1\" class=\"wp-block-list\">\n<li><strong>Hangi Verileri Topluyoruz?<\/strong> Web sitemizdeki ileti\u015fim formlar\u0131 veya sipari\u015f a\u015famalar\u0131nda payla\u015ft\u0131\u011f\u0131n\u0131z Ad, Soyad, Telefon, E-posta ve Adres bilgileriniz taraf\u0131m\u0131zca i\u015flenmektedir.<\/li>\n\n\n\n<li><strong>Verileri Ne Ama\u00e7la Kullan\u0131yoruz?<\/strong> Toplanan veriler; sipari\u015flerin teslimi, teknik servis takibi, faturaland\u0131rma ve kampanya bilgilendirmeleri amac\u0131yla kullan\u0131lmaktad\u0131r. Verileriniz asla \u00fc\u00e7\u00fcnc\u00fc \u015fah\u0131slara sat\u0131lmaz veya pazarlama amac\u0131yla payla\u015f\u0131lmaz.<\/li>\n\n\n\n<li><strong>G\u00fcvenlik:<\/strong> Verileriniz, g\u00fcvenli sunucular\u0131m\u0131zda saklanmakta olup yetkisiz eri\u015fime kar\u015f\u0131 korunmaktad\u0131r.<\/li>\n\n\n\n<li><strong>Haklar\u0131n\u0131z:<\/strong> Diledi\u011finiz zaman verilerinizin silinmesini, d\u00fczeltilmesini veya g\u00fcncellenmesini talep etme hakk\u0131na sahipsiniz. Talepleriniz i\u00e7in info@mostekelektronik.com adresinden bize ula\u015fabilirsiniz.<\/li>\n<\/ol>\n\n\n\n<p><\/p>\n","protected":false},"excerpt":{"rendered":"<p>Mostek Elektronik olarak, m\u00fc\u015fterilerimizin ve ziyaret\u00e7ilerimizin ki\u015fisel verilerinin g\u00fcvenli\u011fine b\u00fcy\u00fck \u00f6nem veriyoruz. 6698 say\u0131l\u0131 Ki\u015fisel Verilerin Korunmas\u0131 Kanunu (KVKK) kapsam\u0131nda;<\/p>\n","protected":false},"author":1,"featured_media":0,"parent":0,"menu_order":0,"comment_status":"closed","ping_status":"closed","template":"","meta":{"footnotes":""},"class_list":["post-271","page","type-page","status-publish","hentry"],"yoast_head":"<!-- This site is optimized with the Yoast SEO plugin v26.5 - https:\/\/yoast.com\/wordpress\/plugins\/seo\/ -->\n<title>KVKK VE G\u0130ZL\u0130L\u0130K POL\u0130T\u0130KASI - Mostek Elektronik<\/title>\n<meta name=\"robots\" content=\"index, follow, max-snippet:-1, max-image-preview:large, max-video-preview:-1\" \/>\n<link rel=\"canonical\" href=\"https:\/\/mostekelektronik.com\/index.php\/kvkk-ve-gizlilik-politikasi\/\" \/>\n<meta property=\"og:locale\" content=\"tr_TR\" \/>\n<meta property=\"og:type\" content=\"article\" \/>\n<meta property=\"og:title\" content=\"KVKK VE G\u0130ZL\u0130L\u0130K POL\u0130T\u0130KASI - Mostek Elektronik\" \/>\n<meta property=\"og:description\" content=\"Mostek Elektronik olarak, m\u00fc\u015fterilerimizin ve ziyaret\u00e7ilerimizin ki\u015fisel verilerinin g\u00fcvenli\u011fine b\u00fcy\u00fck \u00f6nem veriyoruz. 6698 say\u0131l\u0131 Ki\u015fisel Verilerin Korunmas\u0131 Kanunu (KVKK) kapsam\u0131nda;\" \/>\n<meta property=\"og:url\" content=\"https:\/\/mostekelektronik.com\/index.php\/kvkk-ve-gizlilik-politikasi\/\" \/>\n<meta property=\"og:site_name\" content=\"Mostek Elektronik\" \/>\n<meta name=\"twitter:card\" content=\"summary_large_image\" \/>\n<meta name=\"twitter:label1\" content=\"Tahmini okuma s\u00fcresi\" \/>\n\t<meta name=\"twitter:data1\" content=\"1 dakika\" \/>\n<script type=\"application\/ld+json\" class=\"yoast-schema-graph\">{\"@context\":\"https:\/\/schema.org\",\"@graph\":[{\"@type\":\"WebPage\",\"@id\":\"https:\/\/mostekelektronik.com\/index.php\/kvkk-ve-gizlilik-politikasi\/\",\"url\":\"https:\/\/mostekelektronik.com\/index.php\/kvkk-ve-gizlilik-politikasi\/\",\"name\":\"KVKK VE G\u0130ZL\u0130L\u0130K POL\u0130T\u0130KASI - Mostek Elektronik\",\"isPartOf\":{\"@id\":\"https:\/\/mostekelektronik.com\/#website\"},\"datePublished\":\"2025-12-18T18:52:01+00:00\",\"breadcrumb\":{\"@id\":\"https:\/\/mostekelektronik.com\/index.php\/kvkk-ve-gizlilik-politikasi\/#breadcrumb\"},\"inLanguage\":\"tr\",\"potentialAction\":[{\"@type\":\"ReadAction\",\"target\":[\"https:\/\/mostekelektronik.com\/index.php\/kvkk-ve-gizlilik-politikasi\/\"]}]},{\"@type\":\"BreadcrumbList\",\"@id\":\"https:\/\/mostekelektronik.com\/index.php\/kvkk-ve-gizlilik-politikasi\/#breadcrumb\",\"itemListElement\":[{\"@type\":\"ListItem\",\"position\":1,\"name\":\"Anasayfa\",\"item\":\"https:\/\/mostekelektronik.com\/\"},{\"@type\":\"ListItem\",\"position\":2,\"name\":\"KVKK VE G\u0130ZL\u0130L\u0130K POL\u0130T\u0130KASI\"}]},{\"@type\":\"WebSite\",\"@id\":\"https:\/\/mostekelektronik.com\/#website\",\"url\":\"https:\/\/mostekelektronik.com\/\",\"name\":\"Mostek Elektronik\",\"description\":\"Oyuncak Yakalama, Boks, Makas Matik, \u00c7arkmatik\",\"publisher\":{\"@id\":\"https:\/\/mostekelektronik.com\/#organization\"},\"potentialAction\":[{\"@type\":\"SearchAction\",\"target\":{\"@type\":\"EntryPoint\",\"urlTemplate\":\"https:\/\/mostekelektronik.com\/?s={search_term_string}\"},\"query-input\":{\"@type\":\"PropertyValueSpecification\",\"valueRequired\":true,\"valueName\":\"search_term_string\"}}],\"inLanguage\":\"tr\"},{\"@type\":\"Organization\",\"@id\":\"https:\/\/mostekelektronik.com\/#organization\",\"name\":\"Mostek Elektronik\",\"url\":\"https:\/\/mostekelektronik.com\/\",\"logo\":{\"@type\":\"ImageObject\",\"inLanguage\":\"tr\",\"@id\":\"https:\/\/mostekelektronik.com\/#\/schema\/logo\/image\/\",\"url\":\"https:\/\/mostekelektronik.com\/wp-content\/uploads\/2025\/04\/cropped-logo.png\",\"contentUrl\":\"https:\/\/mostekelektronik.com\/wp-content\/uploads\/2025\/04\/cropped-logo.png\",\"width\":172,\"height\":48,\"caption\":\"Mostek Elektronik\"},\"image\":{\"@id\":\"https:\/\/mostekelektronik.com\/#\/schema\/logo\/image\/\"}}]}<\/script>\n<!-- \/ Yoast SEO plugin. -->","yoast_head_json":{"title":"KVKK VE G\u0130ZL\u0130L\u0130K POL\u0130T\u0130KASI - Mostek Elektronik","robots":{"index":"index","follow":"follow","max-snippet":"max-snippet:-1","max-image-preview":"max-image-preview:large","max-video-preview":"max-video-preview:-1"},"canonical":"https:\/\/mostekelektronik.com\/index.php\/kvkk-ve-gizlilik-politikasi\/","og_locale":"tr_TR","og_type":"article","og_title":"KVKK VE G\u0130ZL\u0130L\u0130K POL\u0130T\u0130KASI - Mostek Elektronik","og_description":"Mostek Elektronik olarak, m\u00fc\u015fterilerimizin ve ziyaret\u00e7ilerimizin ki\u015fisel verilerinin g\u00fcvenli\u011fine b\u00fcy\u00fck \u00f6nem veriyoruz. 6698 say\u0131l\u0131 Ki\u015fisel Verilerin Korunmas\u0131 Kanunu (KVKK) kapsam\u0131nda;","og_url":"https:\/\/mostekelektronik.com\/index.php\/kvkk-ve-gizlilik-politikasi\/","og_site_name":"Mostek Elektronik","twitter_card":"summary_large_image","twitter_misc":{"Tahmini okuma s\u00fcresi":"1 dakika"},"schema":{"@context":"https:\/\/schema.org","@graph":[{"@type":"WebPage","@id":"https:\/\/mostekelektronik.com\/index.php\/kvkk-ve-gizlilik-politikasi\/","url":"https:\/\/mostekelektronik.com\/index.php\/kvkk-ve-gizlilik-politikasi\/","name":"KVKK VE G\u0130ZL\u0130L\u0130K POL\u0130T\u0130KASI - Mostek Elektronik","isPartOf":{"@id":"https:\/\/mostekelektronik.com\/#website"},"datePublished":"2025-12-18T18:52:01+00:00","breadcrumb":{"@id":"https:\/\/mostekelektronik.com\/index.php\/kvkk-ve-gizlilik-politikasi\/#breadcrumb"},"inLanguage":"tr","potentialAction":[{"@type":"ReadAction","target":["https:\/\/mostekelektronik.com\/index.php\/kvkk-ve-gizlilik-politikasi\/"]}]},{"@type":"BreadcrumbList","@id":"https:\/\/mostekelektronik.com\/index.php\/kvkk-ve-gizlilik-politikasi\/#breadcrumb","itemListElement":[{"@type":"ListItem","position":1,"name":"Anasayfa","item":"https:\/\/mostekelektronik.com\/"},{"@type":"ListItem","position":2,"name":"KVKK VE G\u0130ZL\u0130L\u0130K POL\u0130T\u0130KASI"}]},{"@type":"WebSite","@id":"https:\/\/mostekelektronik.com\/#website","url":"https:\/\/mostekelektronik.com\/","name":"Mostek Elektronik","description":"Oyuncak Yakalama, Boks, Makas Matik, \u00c7arkmatik","publisher":{"@id":"https:\/\/mostekelektronik.com\/#organization"},"potentialAction":[{"@type":"SearchAction","target":{"@type":"EntryPoint","urlTemplate":"https:\/\/mostekelektronik.com\/?s={search_term_string}"},"query-input":{"@type":"PropertyValueSpecification","valueRequired":true,"valueName":"search_term_string"}}],"inLanguage":"tr"},{"@type":"Organization","@id":"https:\/\/mostekelektronik.com\/#organization","name":"Mostek Elektronik","url":"https:\/\/mostekelektronik.com\/","logo":{"@type":"ImageObject","inLanguage":"tr","@id":"https:\/\/mostekelektronik.com\/#\/schema\/logo\/image\/","url":"https:\/\/mostekelektronik.com\/wp-content\/uploads\/2025\/04\/cropped-logo.png","contentUrl":"https:\/\/mostekelektronik.com\/wp-content\/uploads\/2025\/04\/cropped-logo.png","width":172,"height":48,"caption":"Mostek Elektronik"},"image":{"@id":"https:\/\/mostekelektronik.com\/#\/schema\/logo\/image\/"}}]}},"_links":{"self":[{"href":"https:\/\/mostekelektronik.com\/index.php\/wp-json\/wp\/v2\/pages\/271","targetHints":{"allow":["GET"]}}],"collection":[{"href":"https:\/\/mostekelektronik.com\/index.php\/wp-json\/wp\/v2\/pages"}],"about":[{"href":"https:\/\/mostekelektronik.com\/index.php\/wp-json\/wp\/v2\/types\/page"}],"author":[{"embeddable":true,"href":"https:\/\/mostekelektronik.com\/index.php\/wp-json\/wp\/v2\/users\/1"}],"replies":[{"embeddable":true,"href":"https:\/\/mostekelektronik.com\/index.php\/wp-json\/wp\/v2\/comments?post=271"}],"version-history":[{"count":1,"href":"https:\/\/mostekelektronik.com\/index.php\/wp-json\/wp\/v2\/pages\/271\/revisions"}],"predecessor-version":[{"id":272,"href":"https:\/\/mostekelektronik.com\/index.php\/wp-json\/wp\/v2\/pages\/271\/revisions\/272"}],"wp:attachment":[{"href":"https:\/\/mostekelektronik.com\/index.php\/wp-json\/wp\/v2\/media?parent=271"}],"curies":[{"name":"wp","href":"https:\/\/api.w.org\/{rel}","templated":true}]}}