{"id":15,"date":"2025-04-01T15:21:39","date_gmt":"2025-04-01T12:21:39","guid":{"rendered":"https:\/\/mostekelektronik.com\/index.php\/magaza\/"},"modified":"2025-04-01T15:45:30","modified_gmt":"2025-04-01T12:45:30","slug":"urunlerimiz","status":"publish","type":"page","link":"https:\/\/mostekelektronik.com\/index.php\/urunlerimiz\/","title":{"rendered":"\u00dcr\u00fcnlerimiz"},"content":{"rendered":"\n<p>Mostek Elektronik \u00dcr\u00fcnleri<\/p>\n\n\n\n<figure class=\"wp-block-gallery has-nested-images columns-default is-cropped wp-block-gallery-1 is-layout-flex wp-block-gallery-is-layout-flex\">\n<figure class=\"wp-block-image size-large\"><img  title=\"\" loading=\"lazy\" decoding=\"async\" width=\"768\" height=\"1024\" data-id=\"32\" src=\"https:\/\/mostekelektronik.com\/wp-content\/uploads\/2025\/04\/480341191_9573831099318322_7722300014896929544_n-768x1024.jpg\"  alt=\"480341191_9573831099318322_7722300014896929544_n-768x1024 \u00dcr\u00fcnlerimiz\"  class=\"wp-image-32\" srcset=\"https:\/\/mostekelektronik.com\/wp-content\/uploads\/2025\/04\/480341191_9573831099318322_7722300014896929544_n-768x1024.jpg 768w, https:\/\/mostekelektronik.com\/wp-content\/uploads\/2025\/04\/480341191_9573831099318322_7722300014896929544_n-600x800.jpg 600w, https:\/\/mostekelektronik.com\/wp-content\/uploads\/2025\/04\/480341191_9573831099318322_7722300014896929544_n-225x300.jpg 225w, https:\/\/mostekelektronik.com\/wp-content\/uploads\/2025\/04\/480341191_9573831099318322_7722300014896929544_n-1152x1536.jpg 1152w, https:\/\/mostekelektronik.com\/wp-content\/uploads\/2025\/04\/480341191_9573831099318322_7722300014896929544_n.jpg 1536w\" sizes=\"auto, (max-width: 768px) 100vw, 768px\" \/><\/figure>\n\n\n\n<figure class=\"wp-block-image size-large\"><img  title=\"\" loading=\"lazy\" decoding=\"async\" width=\"768\" height=\"1024\" data-id=\"31\" src=\"https:\/\/mostekelektronik.com\/wp-content\/uploads\/2025\/04\/480981071_9588344894533609_79154389628554063_n-768x1024.jpg\"  alt=\"480981071_9588344894533609_79154389628554063_n-768x1024 \u00dcr\u00fcnlerimiz\"  class=\"wp-image-31\" srcset=\"https:\/\/mostekelektronik.com\/wp-content\/uploads\/2025\/04\/480981071_9588344894533609_79154389628554063_n-768x1024.jpg 768w, https:\/\/mostekelektronik.com\/wp-content\/uploads\/2025\/04\/480981071_9588344894533609_79154389628554063_n-600x800.jpg 600w, https:\/\/mostekelektronik.com\/wp-content\/uploads\/2025\/04\/480981071_9588344894533609_79154389628554063_n-225x300.jpg 225w, https:\/\/mostekelektronik.com\/wp-content\/uploads\/2025\/04\/480981071_9588344894533609_79154389628554063_n-1152x1536.jpg 1152w, https:\/\/mostekelektronik.com\/wp-content\/uploads\/2025\/04\/480981071_9588344894533609_79154389628554063_n.jpg 1536w\" sizes=\"auto, (max-width: 768px) 100vw, 768px\" \/><\/figure>\n\n\n\n<figure class=\"wp-block-image size-large\"><img  title=\"\" loading=\"lazy\" decoding=\"async\" width=\"769\" height=\"1024\" data-id=\"30\" src=\"https:\/\/mostekelektronik.com\/wp-content\/uploads\/2025\/04\/483367579_9699376020097162_3694258143820042510_n-769x1024.jpg\"  alt=\"483367579_9699376020097162_3694258143820042510_n-769x1024 \u00dcr\u00fcnlerimiz\"  class=\"wp-image-30\" srcset=\"https:\/\/mostekelektronik.com\/wp-content\/uploads\/2025\/04\/483367579_9699376020097162_3694258143820042510_n-769x1024.jpg 769w, https:\/\/mostekelektronik.com\/wp-content\/uploads\/2025\/04\/483367579_9699376020097162_3694258143820042510_n-600x799.jpg 600w, https:\/\/mostekelektronik.com\/wp-content\/uploads\/2025\/04\/483367579_9699376020097162_3694258143820042510_n-225x300.jpg 225w, https:\/\/mostekelektronik.com\/wp-content\/uploads\/2025\/04\/483367579_9699376020097162_3694258143820042510_n-768x1023.jpg 768w, https:\/\/mostekelektronik.com\/wp-content\/uploads\/2025\/04\/483367579_9699376020097162_3694258143820042510_n-1154x1536.jpg 1154w, https:\/\/mostekelektronik.com\/wp-content\/uploads\/2025\/04\/483367579_9699376020097162_3694258143820042510_n.jpg 1538w\" sizes=\"auto, (max-width: 769px) 100vw, 769px\" \/><\/figure>\n\n\n\n<figure class=\"wp-block-image size-large\"><img  title=\"\" loading=\"lazy\" decoding=\"async\" width=\"1024\" height=\"769\" data-id=\"37\" src=\"https:\/\/mostekelektronik.com\/wp-content\/uploads\/2025\/04\/483368141_9699376136763817_3565277982296137983_n-1024x769.jpg\"  alt=\"483368141_9699376136763817_3565277982296137983_n-1024x769 \u00dcr\u00fcnlerimiz\"  class=\"wp-image-37\" srcset=\"https:\/\/mostekelektronik.com\/wp-content\/uploads\/2025\/04\/483368141_9699376136763817_3565277982296137983_n-1024x769.jpg 1024w, https:\/\/mostekelektronik.com\/wp-content\/uploads\/2025\/04\/483368141_9699376136763817_3565277982296137983_n-600x451.jpg 600w, https:\/\/mostekelektronik.com\/wp-content\/uploads\/2025\/04\/483368141_9699376136763817_3565277982296137983_n-300x225.jpg 300w, https:\/\/mostekelektronik.com\/wp-content\/uploads\/2025\/04\/483368141_9699376136763817_3565277982296137983_n-768x577.jpg 768w, https:\/\/mostekelektronik.com\/wp-content\/uploads\/2025\/04\/483368141_9699376136763817_3565277982296137983_n-1536x1154.jpg 1536w, https:\/\/mostekelektronik.com\/wp-content\/uploads\/2025\/04\/483368141_9699376136763817_3565277982296137983_n.jpg 2048w\" sizes=\"auto, (max-width: 1024px) 100vw, 1024px\" \/><\/figure>\n\n\n\n<figure class=\"wp-block-image size-large\"><img  title=\"\" loading=\"lazy\" decoding=\"async\" width=\"768\" height=\"1024\" data-id=\"35\" src=\"https:\/\/mostekelektronik.com\/wp-content\/uploads\/2025\/04\/483485895_9699375856763845_5066029180555978536_n-768x1024.jpg\"  alt=\"483485895_9699375856763845_5066029180555978536_n-768x1024 \u00dcr\u00fcnlerimiz\"  class=\"wp-image-35\" srcset=\"https:\/\/mostekelektronik.com\/wp-content\/uploads\/2025\/04\/483485895_9699375856763845_5066029180555978536_n-768x1024.jpg 768w, https:\/\/mostekelektronik.com\/wp-content\/uploads\/2025\/04\/483485895_9699375856763845_5066029180555978536_n-600x800.jpg 600w, https:\/\/mostekelektronik.com\/wp-content\/uploads\/2025\/04\/483485895_9699375856763845_5066029180555978536_n-225x300.jpg 225w, https:\/\/mostekelektronik.com\/wp-content\/uploads\/2025\/04\/483485895_9699375856763845_5066029180555978536_n-1152x1536.jpg 1152w, https:\/\/mostekelektronik.com\/wp-content\/uploads\/2025\/04\/483485895_9699375856763845_5066029180555978536_n.jpg 1536w\" sizes=\"auto, (max-width: 768px) 100vw, 768px\" \/><\/figure>\n\n\n\n<figure class=\"wp-block-image size-large\"><img  title=\"\" loading=\"lazy\" decoding=\"async\" width=\"768\" height=\"1024\" data-id=\"33\" src=\"https:\/\/mostekelektronik.com\/wp-content\/uploads\/2025\/04\/483522066_9699374610097303_4552570079676919494_n-768x1024.jpg\"  alt=\"483522066_9699374610097303_4552570079676919494_n-768x1024 \u00dcr\u00fcnlerimiz\"  class=\"wp-image-33\" srcset=\"https:\/\/mostekelektronik.com\/wp-content\/uploads\/2025\/04\/483522066_9699374610097303_4552570079676919494_n-768x1024.jpg 768w, https:\/\/mostekelektronik.com\/wp-content\/uploads\/2025\/04\/483522066_9699374610097303_4552570079676919494_n-600x800.jpg 600w, https:\/\/mostekelektronik.com\/wp-content\/uploads\/2025\/04\/483522066_9699374610097303_4552570079676919494_n-225x300.jpg 225w, https:\/\/mostekelektronik.com\/wp-content\/uploads\/2025\/04\/483522066_9699374610097303_4552570079676919494_n-1152x1536.jpg 1152w, https:\/\/mostekelektronik.com\/wp-content\/uploads\/2025\/04\/483522066_9699374610097303_4552570079676919494_n.jpg 1536w\" sizes=\"auto, (max-width: 768px) 100vw, 768px\" \/><\/figure>\n\n\n\n<figure class=\"wp-block-image size-large\"><img  title=\"\" loading=\"lazy\" decoding=\"async\" width=\"1024\" height=\"768\" data-id=\"29\" src=\"https:\/\/mostekelektronik.com\/wp-content\/uploads\/2025\/04\/483526607_9699373923430705_5458734930373072246_n-1024x768.jpg\"  alt=\"483526607_9699373923430705_5458734930373072246_n-1024x768 \u00dcr\u00fcnlerimiz\"  class=\"wp-image-29\" srcset=\"https:\/\/mostekelektronik.com\/wp-content\/uploads\/2025\/04\/483526607_9699373923430705_5458734930373072246_n-1024x768.jpg 1024w, https:\/\/mostekelektronik.com\/wp-content\/uploads\/2025\/04\/483526607_9699373923430705_5458734930373072246_n-600x450.jpg 600w, https:\/\/mostekelektronik.com\/wp-content\/uploads\/2025\/04\/483526607_9699373923430705_5458734930373072246_n-300x225.jpg 300w, https:\/\/mostekelektronik.com\/wp-content\/uploads\/2025\/04\/483526607_9699373923430705_5458734930373072246_n-768x576.jpg 768w, https:\/\/mostekelektronik.com\/wp-content\/uploads\/2025\/04\/483526607_9699373923430705_5458734930373072246_n-1536x1152.jpg 1536w, https:\/\/mostekelektronik.com\/wp-content\/uploads\/2025\/04\/483526607_9699373923430705_5458734930373072246_n.jpg 1600w\" sizes=\"auto, (max-width: 1024px) 100vw, 1024px\" \/><\/figure>\n\n\n\n<figure class=\"wp-block-image size-large\"><img  title=\"\" loading=\"lazy\" decoding=\"async\" width=\"768\" height=\"1024\" data-id=\"28\" src=\"https:\/\/mostekelektronik.com\/wp-content\/uploads\/2025\/04\/483810563_9699373870097377_6370292062572844198_n-1-768x1024.jpg\"  alt=\"483810563_9699373870097377_6370292062572844198_n-1-768x1024 \u00dcr\u00fcnlerimiz\"  class=\"wp-image-28\" srcset=\"https:\/\/mostekelektronik.com\/wp-content\/uploads\/2025\/04\/483810563_9699373870097377_6370292062572844198_n-1-768x1024.jpg 768w, https:\/\/mostekelektronik.com\/wp-content\/uploads\/2025\/04\/483810563_9699373870097377_6370292062572844198_n-1-600x800.jpg 600w, https:\/\/mostekelektronik.com\/wp-content\/uploads\/2025\/04\/483810563_9699373870097377_6370292062572844198_n-1-225x300.jpg 225w, https:\/\/mostekelektronik.com\/wp-content\/uploads\/2025\/04\/483810563_9699373870097377_6370292062572844198_n-1-1152x1536.jpg 1152w, https:\/\/mostekelektronik.com\/wp-content\/uploads\/2025\/04\/483810563_9699373870097377_6370292062572844198_n-1.jpg 1200w\" sizes=\"auto, (max-width: 768px) 100vw, 768px\" \/><\/figure>\n\n\n\n<figure class=\"wp-block-image size-large\"><img  title=\"\" loading=\"lazy\" decoding=\"async\" width=\"1024\" height=\"769\" data-id=\"36\" src=\"https:\/\/mostekelektronik.com\/wp-content\/uploads\/2025\/04\/484328144_9699376236763807_6713540804611412977_n-1024x769.jpg\"  alt=\"484328144_9699376236763807_6713540804611412977_n-1024x769 \u00dcr\u00fcnlerimiz\"  class=\"wp-image-36\" srcset=\"https:\/\/mostekelektronik.com\/wp-content\/uploads\/2025\/04\/484328144_9699376236763807_6713540804611412977_n-1024x769.jpg 1024w, https:\/\/mostekelektronik.com\/wp-content\/uploads\/2025\/04\/484328144_9699376236763807_6713540804611412977_n-600x451.jpg 600w, https:\/\/mostekelektronik.com\/wp-content\/uploads\/2025\/04\/484328144_9699376236763807_6713540804611412977_n-300x225.jpg 300w, https:\/\/mostekelektronik.com\/wp-content\/uploads\/2025\/04\/484328144_9699376236763807_6713540804611412977_n-768x577.jpg 768w, https:\/\/mostekelektronik.com\/wp-content\/uploads\/2025\/04\/484328144_9699376236763807_6713540804611412977_n-1536x1154.jpg 1536w, https:\/\/mostekelektronik.com\/wp-content\/uploads\/2025\/04\/484328144_9699376236763807_6713540804611412977_n.jpg 2048w\" sizes=\"auto, (max-width: 1024px) 100vw, 1024px\" \/><\/figure>\n\n\n\n<figure class=\"wp-block-image size-large\"><img  title=\"\" loading=\"lazy\" decoding=\"async\" width=\"768\" height=\"1024\" data-id=\"34\" src=\"https:\/\/mostekelektronik.com\/wp-content\/uploads\/2025\/04\/481010891_9559641007403998_66439443948537167_n-768x1024.jpg\"  alt=\"481010891_9559641007403998_66439443948537167_n-768x1024 \u00dcr\u00fcnlerimiz\"  class=\"wp-image-34\" srcset=\"https:\/\/mostekelektronik.com\/wp-content\/uploads\/2025\/04\/481010891_9559641007403998_66439443948537167_n-768x1024.jpg 768w, https:\/\/mostekelektronik.com\/wp-content\/uploads\/2025\/04\/481010891_9559641007403998_66439443948537167_n-600x800.jpg 600w, https:\/\/mostekelektronik.com\/wp-content\/uploads\/2025\/04\/481010891_9559641007403998_66439443948537167_n-225x300.jpg 225w, https:\/\/mostekelektronik.com\/wp-content\/uploads\/2025\/04\/481010891_9559641007403998_66439443948537167_n-1152x1536.jpg 1152w, https:\/\/mostekelektronik.com\/wp-content\/uploads\/2025\/04\/481010891_9559641007403998_66439443948537167_n.jpg 1536w\" sizes=\"auto, (max-width: 768px) 100vw, 768px\" \/><\/figure>\n<\/figure>\n","protected":false},"excerpt":{"rendered":"<p>Mostek Elektronik \u00dcr\u00fcnleri<\/p>\n","protected":false},"author":1,"featured_media":38,"parent":0,"menu_order":0,"comment_status":"closed","ping_status":"closed","template":"","meta":{"footnotes":""},"class_list":["post-15","page","type-page","status-publish","has-post-thumbnail","hentry"],"yoast_head":"<!-- This site is optimized with the Yoast SEO plugin v26.5 - https:\/\/yoast.com\/wordpress\/plugins\/seo\/ -->\n<title>\u00dcr\u00fcnlerimiz - Mostek Elektronik<\/title>\n<meta name=\"robots\" content=\"index, follow, max-snippet:-1, max-image-preview:large, max-video-preview:-1\" \/>\n<link rel=\"canonical\" href=\"https:\/\/mostekelektronik.com\/index.php\/urunlerimiz\/\" \/>\n<meta property=\"og:locale\" content=\"tr_TR\" \/>\n<meta property=\"og:type\" content=\"article\" \/>\n<meta property=\"og:title\" content=\"\u00dcr\u00fcnlerimiz - Mostek Elektronik\" \/>\n<meta property=\"og:description\" content=\"Mostek Elektronik \u00dcr\u00fcnleri\" \/>\n<meta property=\"og:url\" content=\"https:\/\/mostekelektronik.com\/index.php\/urunlerimiz\/\" \/>\n<meta property=\"og:site_name\" content=\"Mostek Elektronik\" \/>\n<meta property=\"article:modified_time\" content=\"2025-04-01T12:45:30+00:00\" \/>\n<meta property=\"og:image\" content=\"https:\/\/mostekelektronik.com\/wp-content\/uploads\/2025\/04\/fuar2.jpg\" \/>\n\t<meta property=\"og:image:width\" content=\"640\" \/>\n\t<meta property=\"og:image:height\" content=\"461\" \/>\n\t<meta property=\"og:image:type\" content=\"image\/jpeg\" \/>\n<meta name=\"twitter:card\" content=\"summary_large_image\" \/>\n<meta name=\"twitter:label1\" content=\"Tahmini okuma s\u00fcresi\" \/>\n\t<meta name=\"twitter:data1\" content=\"3 dakika\" \/>\n<script type=\"application\/ld+json\" class=\"yoast-schema-graph\">{\"@context\":\"https:\/\/schema.org\",\"@graph\":[{\"@type\":\"WebPage\",\"@id\":\"https:\/\/mostekelektronik.com\/index.php\/urunlerimiz\/\",\"url\":\"https:\/\/mostekelektronik.com\/index.php\/urunlerimiz\/\",\"name\":\"\u00dcr\u00fcnlerimiz - Mostek Elektronik\",\"isPartOf\":{\"@id\":\"https:\/\/mostekelektronik.com\/#website\"},\"primaryImageOfPage\":{\"@id\":\"https:\/\/mostekelektronik.com\/index.php\/urunlerimiz\/#primaryimage\"},\"image\":{\"@id\":\"https:\/\/mostekelektronik.com\/index.php\/urunlerimiz\/#primaryimage\"},\"thumbnailUrl\":\"https:\/\/mostekelektronik.com\/wp-content\/uploads\/2025\/04\/fuar2.jpg\",\"datePublished\":\"2025-04-01T12:21:39+00:00\",\"dateModified\":\"2025-04-01T12:45:30+00:00\",\"breadcrumb\":{\"@id\":\"https:\/\/mostekelektronik.com\/index.php\/urunlerimiz\/#breadcrumb\"},\"inLanguage\":\"tr\",\"potentialAction\":[{\"@type\":\"ReadAction\",\"target\":[\"https:\/\/mostekelektronik.com\/index.php\/urunlerimiz\/\"]}]},{\"@type\":\"ImageObject\",\"inLanguage\":\"tr\",\"@id\":\"https:\/\/mostekelektronik.com\/index.php\/urunlerimiz\/#primaryimage\",\"url\":\"https:\/\/mostekelektronik.com\/wp-content\/uploads\/2025\/04\/fuar2.jpg\",\"contentUrl\":\"https:\/\/mostekelektronik.com\/wp-content\/uploads\/2025\/04\/fuar2.jpg\",\"width\":640,\"height\":461},{\"@type\":\"BreadcrumbList\",\"@id\":\"https:\/\/mostekelektronik.com\/index.php\/urunlerimiz\/#breadcrumb\",\"itemListElement\":[{\"@type\":\"ListItem\",\"position\":1,\"name\":\"Anasayfa\",\"item\":\"https:\/\/mostekelektronik.com\/\"},{\"@type\":\"ListItem\",\"position\":2,\"name\":\"\u00dcr\u00fcnlerimiz\"}]},{\"@type\":\"WebSite\",\"@id\":\"https:\/\/mostekelektronik.com\/#website\",\"url\":\"https:\/\/mostekelektronik.com\/\",\"name\":\"Mostek Elektronik\",\"description\":\"Oyuncak Yakalama, Boks, Makas Matik, \u00c7arkmatik\",\"publisher\":{\"@id\":\"https:\/\/mostekelektronik.com\/#organization\"},\"potentialAction\":[{\"@type\":\"SearchAction\",\"target\":{\"@type\":\"EntryPoint\",\"urlTemplate\":\"https:\/\/mostekelektronik.com\/?s={search_term_string}\"},\"query-input\":{\"@type\":\"PropertyValueSpecification\",\"valueRequired\":true,\"valueName\":\"search_term_string\"}}],\"inLanguage\":\"tr\"},{\"@type\":\"Organization\",\"@id\":\"https:\/\/mostekelektronik.com\/#organization\",\"name\":\"Mostek Elektronik\",\"url\":\"https:\/\/mostekelektronik.com\/\",\"logo\":{\"@type\":\"ImageObject\",\"inLanguage\":\"tr\",\"@id\":\"https:\/\/mostekelektronik.com\/#\/schema\/logo\/image\/\",\"url\":\"https:\/\/mostekelektronik.com\/wp-content\/uploads\/2025\/04\/cropped-logo.png\",\"contentUrl\":\"https:\/\/mostekelektronik.com\/wp-content\/uploads\/2025\/04\/cropped-logo.png\",\"width\":172,\"height\":48,\"caption\":\"Mostek Elektronik\"},\"image\":{\"@id\":\"https:\/\/mostekelektronik.com\/#\/schema\/logo\/image\/\"}}]}<\/script>\n<!-- \/ Yoast SEO plugin. -->","yoast_head_json":{"title":"\u00dcr\u00fcnlerimiz - Mostek Elektronik","robots":{"index":"index","follow":"follow","max-snippet":"max-snippet:-1","max-image-preview":"max-image-preview:large","max-video-preview":"max-video-preview:-1"},"canonical":"https:\/\/mostekelektronik.com\/index.php\/urunlerimiz\/","og_locale":"tr_TR","og_type":"article","og_title":"\u00dcr\u00fcnlerimiz - Mostek Elektronik","og_description":"Mostek Elektronik \u00dcr\u00fcnleri","og_url":"https:\/\/mostekelektronik.com\/index.php\/urunlerimiz\/","og_site_name":"Mostek Elektronik","article_modified_time":"2025-04-01T12:45:30+00:00","og_image":[{"width":640,"height":461,"url":"https:\/\/mostekelektronik.com\/wp-content\/uploads\/2025\/04\/fuar2.jpg","type":"image\/jpeg"}],"twitter_card":"summary_large_image","twitter_misc":{"Tahmini okuma s\u00fcresi":"3 dakika"},"schema":{"@context":"https:\/\/schema.org","@graph":[{"@type":"WebPage","@id":"https:\/\/mostekelektronik.com\/index.php\/urunlerimiz\/","url":"https:\/\/mostekelektronik.com\/index.php\/urunlerimiz\/","name":"\u00dcr\u00fcnlerimiz - Mostek Elektronik","isPartOf":{"@id":"https:\/\/mostekelektronik.com\/#website"},"primaryImageOfPage":{"@id":"https:\/\/mostekelektronik.com\/index.php\/urunlerimiz\/#primaryimage"},"image":{"@id":"https:\/\/mostekelektronik.com\/index.php\/urunlerimiz\/#primaryimage"},"thumbnailUrl":"https:\/\/mostekelektronik.com\/wp-content\/uploads\/2025\/04\/fuar2.jpg","datePublished":"2025-04-01T12:21:39+00:00","dateModified":"2025-04-01T12:45:30+00:00","breadcrumb":{"@id":"https:\/\/mostekelektronik.com\/index.php\/urunlerimiz\/#breadcrumb"},"inLanguage":"tr","potentialAction":[{"@type":"ReadAction","target":["https:\/\/mostekelektronik.com\/index.php\/urunlerimiz\/"]}]},{"@type":"ImageObject","inLanguage":"tr","@id":"https:\/\/mostekelektronik.com\/index.php\/urunlerimiz\/#primaryimage","url":"https:\/\/mostekelektronik.com\/wp-content\/uploads\/2025\/04\/fuar2.jpg","contentUrl":"https:\/\/mostekelektronik.com\/wp-content\/uploads\/2025\/04\/fuar2.jpg","width":640,"height":461},{"@type":"BreadcrumbList","@id":"https:\/\/mostekelektronik.com\/index.php\/urunlerimiz\/#breadcrumb","itemListElement":[{"@type":"ListItem","position":1,"name":"Anasayfa","item":"https:\/\/mostekelektronik.com\/"},{"@type":"ListItem","position":2,"name":"\u00dcr\u00fcnlerimiz"}]},{"@type":"WebSite","@id":"https:\/\/mostekelektronik.com\/#website","url":"https:\/\/mostekelektronik.com\/","name":"Mostek Elektronik","description":"Oyuncak Yakalama, Boks, Makas Matik, \u00c7arkmatik","publisher":{"@id":"https:\/\/mostekelektronik.com\/#organization"},"potentialAction":[{"@type":"SearchAction","target":{"@type":"EntryPoint","urlTemplate":"https:\/\/mostekelektronik.com\/?s={search_term_string}"},"query-input":{"@type":"PropertyValueSpecification","valueRequired":true,"valueName":"search_term_string"}}],"inLanguage":"tr"},{"@type":"Organization","@id":"https:\/\/mostekelektronik.com\/#organization","name":"Mostek Elektronik","url":"https:\/\/mostekelektronik.com\/","logo":{"@type":"ImageObject","inLanguage":"tr","@id":"https:\/\/mostekelektronik.com\/#\/schema\/logo\/image\/","url":"https:\/\/mostekelektronik.com\/wp-content\/uploads\/2025\/04\/cropped-logo.png","contentUrl":"https:\/\/mostekelektronik.com\/wp-content\/uploads\/2025\/04\/cropped-logo.png","width":172,"height":48,"caption":"Mostek Elektronik"},"image":{"@id":"https:\/\/mostekelektronik.com\/#\/schema\/logo\/image\/"}}]}},"_links":{"self":[{"href":"https:\/\/mostekelektronik.com\/index.php\/wp-json\/wp\/v2\/pages\/15","targetHints":{"allow":["GET"]}}],"collection":[{"href":"https:\/\/mostekelektronik.com\/index.php\/wp-json\/wp\/v2\/pages"}],"about":[{"href":"https:\/\/mostekelektronik.com\/index.php\/wp-json\/wp\/v2\/types\/page"}],"author":[{"embeddable":true,"href":"https:\/\/mostekelektronik.com\/index.php\/wp-json\/wp\/v2\/users\/1"}],"replies":[{"embeddable":true,"href":"https:\/\/mostekelektronik.com\/index.php\/wp-json\/wp\/v2\/comments?post=15"}],"version-history":[{"count":1,"href":"https:\/\/mostekelektronik.com\/index.php\/wp-json\/wp\/v2\/pages\/15\/revisions"}],"predecessor-version":[{"id":39,"href":"https:\/\/mostekelektronik.com\/index.php\/wp-json\/wp\/v2\/pages\/15\/revisions\/39"}],"wp:featuredmedia":[{"embeddable":true,"href":"https:\/\/mostekelektronik.com\/index.php\/wp-json\/wp\/v2\/media\/38"}],"wp:attachment":[{"href":"https:\/\/mostekelektronik.com\/index.php\/wp-json\/wp\/v2\/media?parent=15"}],"curies":[{"name":"wp","href":"https:\/\/api.w.org\/{rel}","templated":true}]}}