{"id":119,"date":"2025-11-30T17:00:59","date_gmt":"2025-11-30T14:00:59","guid":{"rendered":"https:\/\/mostekelektronik.com\/?page_id=119"},"modified":"2025-12-18T23:08:26","modified_gmt":"2025-12-18T20:08:26","slug":"carkmatik-alisveriste-yeni-eglenceniz","status":"publish","type":"page","link":"https:\/\/mostekelektronik.com\/index.php\/urunlerimiz\/carkmatik-alisveriste-yeni-eglenceniz\/","title":{"rendered":"\u00c7ARKMAT\u0130K"},"content":{"rendered":"\n<h3 class=\"wp-block-heading\">Sahne I\u015f\u0131klar\u0131na Dayan\u0131kl\u0131 Al\u00fcminyum G\u00f6vde<\/h3>\n\n\n\n<figure class=\"wp-block-video\"><video height=\"720\" style=\"aspect-ratio: 1280 \/ 720;\" width=\"1280\" controls src=\"https:\/\/mostekelektronik.com\/wp-content\/uploads\/2025\/12\/Burger_Restaurant_Prize_Wheel_Video.mp4\"><\/video><\/figure>\n\n\n\n<div class=\"wp-block-media-text is-stacked-on-mobile\"><figure class=\"wp-block-media-text__media\"><img  title=\"\" loading=\"lazy\" decoding=\"async\" width=\"518\" height=\"770\" src=\"https:\/\/mostekelektronik.com\/wp-content\/uploads\/2025\/11\/WhatsApp-Image-2025-11-29-at-13.25.19.jpeg\"  alt=\"WhatsApp-Image-2025-11-29-at-13.25.19 \u00c7ARKMAT\u0130K\"  class=\"wp-image-120 size-full\" srcset=\"https:\/\/mostekelektronik.com\/wp-content\/uploads\/2025\/11\/WhatsApp-Image-2025-11-29-at-13.25.19.jpeg 518w, https:\/\/mostekelektronik.com\/wp-content\/uploads\/2025\/11\/WhatsApp-Image-2025-11-29-at-13.25.19-202x300.jpeg 202w\" sizes=\"auto, (max-width: 518px) 100vw, 518px\" \/><\/figure><div class=\"wp-block-media-text__content\">\n<p>Mostek <strong>\u00c7arkmatik<\/strong>, d\u0131\u015far\u0131dan \u015f\u0131k g\u00f6r\u00fcn\u00fcrken i\u00e7eriden bir tank kadar sa\u011flamd\u0131r. \u00d6zel sigma profil iskelet yap\u0131s\u0131 sayesinde fuarlara, AVM etkinliklerine ve d\u0131\u015f mekan organizasyonlar\u0131na defalarca ta\u015f\u0131nsa bile deforme olmaz.&#8221;<\/p>\n\n\n\n<div class=\"wp-block-group alignfull has-text-color has-background\" style=\"color:#000000;background-color:#ffffff\"><div class=\"wp-block-group__inner-container is-layout-flow wp-block-group-is-layout-flow\">\n<div style=\"height:64px\" aria-hidden=\"true\" class=\"wp-block-spacer\"><\/div>\n\n\n\n<p class=\"has-text-align-center has-small-font-size\" style=\"line-height:.9\"><strong>\u0130LET\u0130\u015e\u0130M KURUN<\/strong><\/p>\n\n\n\n<p class=\"has-text-align-center\"><a href=\"https:\/\/wa.me\/905323022135?text=Carkmatik%20hakkinda%20bilgi%20almak%20istiyorum%20.\" target=\"_blank\" rel=\"noreferrer noopener\">WhatsApp \u0130le Fiyat Al<\/a><\/p>\n\n\n\n<div class=\"wp-block-buttons has-custom-font-size has-medium-font-size is-horizontal is-content-justification-center is-layout-flex wp-container-core-buttons-is-layout-499968f5 wp-block-buttons-is-layout-flex\" style=\"font-style:normal;font-weight:600\">\n<div class=\"wp-block-button has-custom-width wp-block-button__width-75 is-style-outline is-style-outline--1\"><a class=\"wp-block-button__link has-white-color has-text-color has-background has-link-color has-medium-font-size has-custom-font-size wp-element-button\" href=\"https:\/\/wa.me\/905323022135?text=Carkmatik%20hakkinda%20bilgi%20almak%20istiyorum%20.\" style=\"border-radius:52px;background-color:#4fce5d;font-style:normal;font-weight:500\" target=\"_blank\" rel=\"noreferrer noopener\">WhatsApp \ud83d\udcde<\/a><\/div>\n<\/div>\n<\/div><\/div>\n<\/div><\/div>\n\n\n\n<blockquote class=\"wp-block-quote is-layout-flow wp-block-quote-is-layout-flow\">\n<p>Paslanmaz, hafif ve g\u00fc\u00e7l\u00fc iskelet.<\/p>\n\n\n\n<p>Kolay bak\u0131m ve m\u00fcdahale kapa\u011f\u0131.<\/p>\n<\/blockquote>\n\n\n\n<h2 class=\"wp-block-heading has-text-align-center\">\u00dcr\u00fcnlerimiz kendi tasar\u0131m\u0131m\u0131z ve \u00fcretimimizdir<\/h2>\n\n\n\n<figure class=\"wp-block-gallery has-nested-images columns-default is-cropped wp-block-gallery-2 is-layout-flex wp-block-gallery-is-layout-flex\">\n<figure class=\"wp-block-image size-large\"><img  title=\"\" loading=\"lazy\" decoding=\"async\" width=\"771\" height=\"1024\" data-id=\"124\" src=\"https:\/\/mostekelektronik.com\/wp-content\/uploads\/2025\/11\/WhatsApp-Image-2025-11-29-at-20.27.49-3-771x1024.jpeg\"  alt=\"WhatsApp-Image-2025-11-29-at-20.27.49-3-771x1024 \u00c7ARKMAT\u0130K\"  class=\"wp-image-124\" srcset=\"https:\/\/mostekelektronik.com\/wp-content\/uploads\/2025\/11\/WhatsApp-Image-2025-11-29-at-20.27.49-3-771x1024.jpeg 771w, https:\/\/mostekelektronik.com\/wp-content\/uploads\/2025\/11\/WhatsApp-Image-2025-11-29-at-20.27.49-3-226x300.jpeg 226w, https:\/\/mostekelektronik.com\/wp-content\/uploads\/2025\/11\/WhatsApp-Image-2025-11-29-at-20.27.49-3-768x1020.jpeg 768w, https:\/\/mostekelektronik.com\/wp-content\/uploads\/2025\/11\/WhatsApp-Image-2025-11-29-at-20.27.49-3-1157x1536.jpeg 1157w, https:\/\/mostekelektronik.com\/wp-content\/uploads\/2025\/11\/WhatsApp-Image-2025-11-29-at-20.27.49-3-600x797.jpeg 600w, https:\/\/mostekelektronik.com\/wp-content\/uploads\/2025\/11\/WhatsApp-Image-2025-11-29-at-20.27.49-3.jpeg 1536w\" sizes=\"auto, (max-width: 771px) 100vw, 771px\" \/><\/figure>\n\n\n\n<figure class=\"wp-block-image size-large\"><img  title=\"\" loading=\"lazy\" decoding=\"async\" width=\"771\" height=\"1024\" data-id=\"121\" src=\"https:\/\/mostekelektronik.com\/wp-content\/uploads\/2025\/11\/WhatsApp-Image-2025-11-29-at-20.27.49-2-771x1024.jpeg\"  alt=\"WhatsApp-Image-2025-11-29-at-20.27.49-2-771x1024 \u00c7ARKMAT\u0130K\"  class=\"wp-image-121\" srcset=\"https:\/\/mostekelektronik.com\/wp-content\/uploads\/2025\/11\/WhatsApp-Image-2025-11-29-at-20.27.49-2-771x1024.jpeg 771w, https:\/\/mostekelektronik.com\/wp-content\/uploads\/2025\/11\/WhatsApp-Image-2025-11-29-at-20.27.49-2-226x300.jpeg 226w, https:\/\/mostekelektronik.com\/wp-content\/uploads\/2025\/11\/WhatsApp-Image-2025-11-29-at-20.27.49-2-768x1020.jpeg 768w, https:\/\/mostekelektronik.com\/wp-content\/uploads\/2025\/11\/WhatsApp-Image-2025-11-29-at-20.27.49-2-1157x1536.jpeg 1157w, https:\/\/mostekelektronik.com\/wp-content\/uploads\/2025\/11\/WhatsApp-Image-2025-11-29-at-20.27.49-2-600x797.jpeg 600w, https:\/\/mostekelektronik.com\/wp-content\/uploads\/2025\/11\/WhatsApp-Image-2025-11-29-at-20.27.49-2.jpeg 1536w\" sizes=\"auto, (max-width: 771px) 100vw, 771px\" \/><\/figure>\n\n\n\n<figure class=\"wp-block-image size-large\"><img  title=\"\" loading=\"lazy\" decoding=\"async\" width=\"771\" height=\"1024\" data-id=\"123\" src=\"https:\/\/mostekelektronik.com\/wp-content\/uploads\/2025\/11\/WhatsApp-Image-2025-11-29-at-20.27.49-1-771x1024.jpeg\"  alt=\"WhatsApp-Image-2025-11-29-at-20.27.49-1-771x1024 \u00c7ARKMAT\u0130K\"  class=\"wp-image-123\" srcset=\"https:\/\/mostekelektronik.com\/wp-content\/uploads\/2025\/11\/WhatsApp-Image-2025-11-29-at-20.27.49-1-771x1024.jpeg 771w, https:\/\/mostekelektronik.com\/wp-content\/uploads\/2025\/11\/WhatsApp-Image-2025-11-29-at-20.27.49-1-226x300.jpeg 226w, https:\/\/mostekelektronik.com\/wp-content\/uploads\/2025\/11\/WhatsApp-Image-2025-11-29-at-20.27.49-1-768x1020.jpeg 768w, https:\/\/mostekelektronik.com\/wp-content\/uploads\/2025\/11\/WhatsApp-Image-2025-11-29-at-20.27.49-1-1157x1536.jpeg 1157w, https:\/\/mostekelektronik.com\/wp-content\/uploads\/2025\/11\/WhatsApp-Image-2025-11-29-at-20.27.49-1-600x797.jpeg 600w, https:\/\/mostekelektronik.com\/wp-content\/uploads\/2025\/11\/WhatsApp-Image-2025-11-29-at-20.27.49-1.jpeg 1536w\" sizes=\"auto, (max-width: 771px) 100vw, 771px\" \/><\/figure>\n\n\n\n<figure class=\"wp-block-image size-large\"><img  title=\"\" loading=\"lazy\" decoding=\"async\" width=\"771\" height=\"1024\" data-id=\"122\" src=\"https:\/\/mostekelektronik.com\/wp-content\/uploads\/2025\/11\/WhatsApp-Image-2025-11-29-at-20.27.49-771x1024.jpeg\"  alt=\"WhatsApp-Image-2025-11-29-at-20.27.49-771x1024 \u00c7ARKMAT\u0130K\"  class=\"wp-image-122\" srcset=\"https:\/\/mostekelektronik.com\/wp-content\/uploads\/2025\/11\/WhatsApp-Image-2025-11-29-at-20.27.49-771x1024.jpeg 771w, https:\/\/mostekelektronik.com\/wp-content\/uploads\/2025\/11\/WhatsApp-Image-2025-11-29-at-20.27.49-226x300.jpeg 226w, https:\/\/mostekelektronik.com\/wp-content\/uploads\/2025\/11\/WhatsApp-Image-2025-11-29-at-20.27.49-768x1020.jpeg 768w, https:\/\/mostekelektronik.com\/wp-content\/uploads\/2025\/11\/WhatsApp-Image-2025-11-29-at-20.27.49-1157x1536.jpeg 1157w, https:\/\/mostekelektronik.com\/wp-content\/uploads\/2025\/11\/WhatsApp-Image-2025-11-29-at-20.27.49-600x797.jpeg 600w, https:\/\/mostekelektronik.com\/wp-content\/uploads\/2025\/11\/WhatsApp-Image-2025-11-29-at-20.27.49.jpeg 1536w\" sizes=\"auto, (max-width: 771px) 100vw, 771px\" \/><\/figure>\n<\/figure>\n\n\n\n<div class=\"wp-block-columns is-layout-flex wp-container-core-columns-is-layout-9d6595d7 wp-block-columns-is-layout-flex\">\n<div class=\"wp-block-column is-layout-flow wp-block-column-is-layout-flow\">\n<h3 class=\"wp-block-heading\">%100 Yerli \u00dcretim, H\u0131zl\u0131 Yedek Par\u00e7a<\/h3>\n\n\n\n<p>\u0130thal \u00fcr\u00fcnlerin aksine, <strong>\u00c7arkmatik<\/strong> Mostek at\u00f6lyelerinde \u00fcretilir. Bir vida bile laz\u0131m olsa, muhatab\u0131n\u0131z biziz.&#8221;<\/p>\n<\/div>\n\n\n\n<div class=\"wp-block-column is-vertically-aligned-center is-layout-flow wp-block-column-is-layout-flow\">\n<div class=\"wp-block-group alignfull has-text-color has-background\" style=\"color:#000000;background-color:#ffffff\"><div class=\"wp-block-group__inner-container is-layout-flow wp-block-group-is-layout-flow\">\n<p class=\"has-text-align-center has-small-font-size\" style=\"line-height:.9\"><strong>\u0130LET\u0130\u015e\u0130M KURUN<\/strong><\/p>\n\n\n\n<p class=\"has-text-align-center\"><a href=\"https:\/\/wa.me\/905323022135?text=Carkmatik%20hakkinda%20bilgi%20almak%20istiyorum%20.\" target=\"_blank\" rel=\"noreferrer noopener\">WhatsApp \u0130le Fiyat Al<\/a><\/p>\n\n\n\n<div class=\"wp-block-buttons has-custom-font-size has-medium-font-size is-horizontal is-content-justification-center is-layout-flex wp-container-core-buttons-is-layout-499968f5 wp-block-buttons-is-layout-flex\" style=\"font-style:normal;font-weight:600\">\n<div class=\"wp-block-button has-custom-width wp-block-button__width-50 is-style-outline is-style-outline--3\"><a class=\"wp-block-button__link has-white-color has-text-color has-background has-link-color wp-element-button\" href=\"https:\/\/wa.me\/905323022135?text=Carkmatik%20hakkinda%20bilgi%20almak%20istiyorum%20.\" style=\"border-radius:50px;background-color:#4fce5d\" target=\"_blank\" rel=\"noreferrer noopener\">WhatsApp \ud83d\udcde<\/a><\/div>\n<\/div>\n\n\n\n<div style=\"height:64px\" aria-hidden=\"true\" class=\"wp-block-spacer\"><\/div>\n<\/div><\/div>\n<\/div>\n<\/div>\n\n\n\n<p><\/p>\n","protected":false},"excerpt":{"rendered":"<p>Sahne I\u015f\u0131klar\u0131na Dayan\u0131kl\u0131 Al\u00fcminyum G\u00f6vde Paslanmaz, hafif ve g\u00fc\u00e7l\u00fc iskelet. Kolay bak\u0131m ve m\u00fcdahale kapa\u011f\u0131. \u00dcr\u00fcnlerimiz kendi tasar\u0131m\u0131m\u0131z ve \u00fcretimimizdir %100 Yerli \u00dcretim, H\u0131zl\u0131 Yedek Par\u00e7a \u0130thal \u00fcr\u00fcnlerin aksine, \u00c7arkmatik Mostek at\u00f6lyelerinde \u00fcretilir. Bir vida bile laz\u0131m olsa, muhatab\u0131n\u0131z biziz.&#8221; \u0130LET\u0130\u015e\u0130M KURUN WhatsApp \u0130le Fiyat Al<\/p>\n","protected":false},"author":1,"featured_media":259,"parent":15,"menu_order":0,"comment_status":"closed","ping_status":"closed","template":"","meta":{"footnotes":""},"class_list":["post-119","page","type-page","status-publish","has-post-thumbnail","hentry"],"yoast_head":"<!-- This site is optimized with the Yoast SEO plugin v26.5 - https:\/\/yoast.com\/wordpress\/plugins\/seo\/ -->\n<title>\u00c7ARKMAT\u0130K - Mostek Elektronik<\/title>\n<meta name=\"robots\" content=\"index, follow, max-snippet:-1, max-image-preview:large, max-video-preview:-1\" \/>\n<link rel=\"canonical\" href=\"https:\/\/mostekelektronik.com\/index.php\/urunlerimiz\/carkmatik-alisveriste-yeni-eglenceniz\/\" \/>\n<meta property=\"og:locale\" content=\"tr_TR\" \/>\n<meta property=\"og:type\" content=\"article\" \/>\n<meta property=\"og:title\" content=\"\u00c7ARKMAT\u0130K - Mostek Elektronik\" \/>\n<meta property=\"og:description\" content=\"Sahne I\u015f\u0131klar\u0131na Dayan\u0131kl\u0131 Al\u00fcminyum G\u00f6vde Paslanmaz, hafif ve g\u00fc\u00e7l\u00fc iskelet. Kolay bak\u0131m ve m\u00fcdahale kapa\u011f\u0131. \u00dcr\u00fcnlerimiz kendi tasar\u0131m\u0131m\u0131z ve \u00fcretimimizdir %100 Yerli \u00dcretim, H\u0131zl\u0131 Yedek Par\u00e7a \u0130thal \u00fcr\u00fcnlerin aksine, \u00c7arkmatik Mostek at\u00f6lyelerinde \u00fcretilir. Bir vida bile laz\u0131m olsa, muhatab\u0131n\u0131z biziz.&#8221; \u0130LET\u0130\u015e\u0130M KURUN WhatsApp \u0130le Fiyat Al\" \/>\n<meta property=\"og:url\" content=\"https:\/\/mostekelektronik.com\/index.php\/urunlerimiz\/carkmatik-alisveriste-yeni-eglenceniz\/\" \/>\n<meta property=\"og:site_name\" content=\"Mostek Elektronik\" \/>\n<meta property=\"article:modified_time\" content=\"2025-12-18T20:08:26+00:00\" \/>\n<meta property=\"og:image\" content=\"https:\/\/mostekelektronik.com\/wp-content\/uploads\/2025\/12\/Gemini_Generated_Image_7894br7894br7894-1024x572.png\" \/>\n\t<meta property=\"og:image:width\" content=\"1024\" \/>\n\t<meta property=\"og:image:height\" content=\"572\" \/>\n\t<meta property=\"og:image:type\" content=\"image\/png\" \/>\n<meta name=\"twitter:card\" content=\"summary_large_image\" \/>\n<meta name=\"twitter:label1\" content=\"Tahmini okuma s\u00fcresi\" \/>\n\t<meta name=\"twitter:data1\" content=\"2 dakika\" \/>\n<script type=\"application\/ld+json\" class=\"yoast-schema-graph\">{\"@context\":\"https:\/\/schema.org\",\"@graph\":[{\"@type\":\"WebPage\",\"@id\":\"https:\/\/mostekelektronik.com\/index.php\/urunlerimiz\/carkmatik-alisveriste-yeni-eglenceniz\/\",\"url\":\"https:\/\/mostekelektronik.com\/index.php\/urunlerimiz\/carkmatik-alisveriste-yeni-eglenceniz\/\",\"name\":\"\u00c7ARKMAT\u0130K - Mostek Elektronik\",\"isPartOf\":{\"@id\":\"https:\/\/mostekelektronik.com\/#website\"},\"primaryImageOfPage\":{\"@id\":\"https:\/\/mostekelektronik.com\/index.php\/urunlerimiz\/carkmatik-alisveriste-yeni-eglenceniz\/#primaryimage\"},\"image\":{\"@id\":\"https:\/\/mostekelektronik.com\/index.php\/urunlerimiz\/carkmatik-alisveriste-yeni-eglenceniz\/#primaryimage\"},\"thumbnailUrl\":\"https:\/\/mostekelektronik.com\/wp-content\/uploads\/2025\/12\/Gemini_Generated_Image_7894br7894br7894-scaled.png\",\"datePublished\":\"2025-11-30T14:00:59+00:00\",\"dateModified\":\"2025-12-18T20:08:26+00:00\",\"breadcrumb\":{\"@id\":\"https:\/\/mostekelektronik.com\/index.php\/urunlerimiz\/carkmatik-alisveriste-yeni-eglenceniz\/#breadcrumb\"},\"inLanguage\":\"tr\",\"potentialAction\":[{\"@type\":\"ReadAction\",\"target\":[\"https:\/\/mostekelektronik.com\/index.php\/urunlerimiz\/carkmatik-alisveriste-yeni-eglenceniz\/\"]}]},{\"@type\":\"ImageObject\",\"inLanguage\":\"tr\",\"@id\":\"https:\/\/mostekelektronik.com\/index.php\/urunlerimiz\/carkmatik-alisveriste-yeni-eglenceniz\/#primaryimage\",\"url\":\"https:\/\/mostekelektronik.com\/wp-content\/uploads\/2025\/12\/Gemini_Generated_Image_7894br7894br7894-scaled.png\",\"contentUrl\":\"https:\/\/mostekelektronik.com\/wp-content\/uploads\/2025\/12\/Gemini_Generated_Image_7894br7894br7894-scaled.png\",\"width\":2560,\"height\":1429,\"caption\":\"\u00c7arkmatik ile indirimli \u00fcr\u00fcnler ve kampanyalar yapmak \u00e7ok e\u011flenceli\"},{\"@type\":\"BreadcrumbList\",\"@id\":\"https:\/\/mostekelektronik.com\/index.php\/urunlerimiz\/carkmatik-alisveriste-yeni-eglenceniz\/#breadcrumb\",\"itemListElement\":[{\"@type\":\"ListItem\",\"position\":1,\"name\":\"Anasayfa\",\"item\":\"https:\/\/mostekelektronik.com\/\"},{\"@type\":\"ListItem\",\"position\":2,\"name\":\"\u00dcr\u00fcnlerimiz\",\"item\":\"https:\/\/mostekelektronik.com\/index.php\/urunlerimiz\/\"},{\"@type\":\"ListItem\",\"position\":3,\"name\":\"\u00c7ARKMAT\u0130K\"}]},{\"@type\":\"WebSite\",\"@id\":\"https:\/\/mostekelektronik.com\/#website\",\"url\":\"https:\/\/mostekelektronik.com\/\",\"name\":\"Mostek Elektronik\",\"description\":\"Oyuncak Yakalama, Boks, Makas Matik, \u00c7arkmatik\",\"publisher\":{\"@id\":\"https:\/\/mostekelektronik.com\/#organization\"},\"potentialAction\":[{\"@type\":\"SearchAction\",\"target\":{\"@type\":\"EntryPoint\",\"urlTemplate\":\"https:\/\/mostekelektronik.com\/?s={search_term_string}\"},\"query-input\":{\"@type\":\"PropertyValueSpecification\",\"valueRequired\":true,\"valueName\":\"search_term_string\"}}],\"inLanguage\":\"tr\"},{\"@type\":\"Organization\",\"@id\":\"https:\/\/mostekelektronik.com\/#organization\",\"name\":\"Mostek Elektronik\",\"url\":\"https:\/\/mostekelektronik.com\/\",\"logo\":{\"@type\":\"ImageObject\",\"inLanguage\":\"tr\",\"@id\":\"https:\/\/mostekelektronik.com\/#\/schema\/logo\/image\/\",\"url\":\"https:\/\/mostekelektronik.com\/wp-content\/uploads\/2025\/04\/cropped-logo.png\",\"contentUrl\":\"https:\/\/mostekelektronik.com\/wp-content\/uploads\/2025\/04\/cropped-logo.png\",\"width\":172,\"height\":48,\"caption\":\"Mostek Elektronik\"},\"image\":{\"@id\":\"https:\/\/mostekelektronik.com\/#\/schema\/logo\/image\/\"}}]}<\/script>\n<!-- \/ Yoast SEO plugin. -->","yoast_head_json":{"title":"\u00c7ARKMAT\u0130K - Mostek Elektronik","robots":{"index":"index","follow":"follow","max-snippet":"max-snippet:-1","max-image-preview":"max-image-preview:large","max-video-preview":"max-video-preview:-1"},"canonical":"https:\/\/mostekelektronik.com\/index.php\/urunlerimiz\/carkmatik-alisveriste-yeni-eglenceniz\/","og_locale":"tr_TR","og_type":"article","og_title":"\u00c7ARKMAT\u0130K - Mostek Elektronik","og_description":"Sahne I\u015f\u0131klar\u0131na Dayan\u0131kl\u0131 Al\u00fcminyum G\u00f6vde Paslanmaz, hafif ve g\u00fc\u00e7l\u00fc iskelet. Kolay bak\u0131m ve m\u00fcdahale kapa\u011f\u0131. \u00dcr\u00fcnlerimiz kendi tasar\u0131m\u0131m\u0131z ve \u00fcretimimizdir %100 Yerli \u00dcretim, H\u0131zl\u0131 Yedek Par\u00e7a \u0130thal \u00fcr\u00fcnlerin aksine, \u00c7arkmatik Mostek at\u00f6lyelerinde \u00fcretilir. Bir vida bile laz\u0131m olsa, muhatab\u0131n\u0131z biziz.&#8221; \u0130LET\u0130\u015e\u0130M KURUN WhatsApp \u0130le Fiyat Al","og_url":"https:\/\/mostekelektronik.com\/index.php\/urunlerimiz\/carkmatik-alisveriste-yeni-eglenceniz\/","og_site_name":"Mostek Elektronik","article_modified_time":"2025-12-18T20:08:26+00:00","og_image":[{"width":1024,"height":572,"url":"https:\/\/mostekelektronik.com\/wp-content\/uploads\/2025\/12\/Gemini_Generated_Image_7894br7894br7894-1024x572.png","type":"image\/png"}],"twitter_card":"summary_large_image","twitter_misc":{"Tahmini okuma s\u00fcresi":"2 dakika"},"schema":{"@context":"https:\/\/schema.org","@graph":[{"@type":"WebPage","@id":"https:\/\/mostekelektronik.com\/index.php\/urunlerimiz\/carkmatik-alisveriste-yeni-eglenceniz\/","url":"https:\/\/mostekelektronik.com\/index.php\/urunlerimiz\/carkmatik-alisveriste-yeni-eglenceniz\/","name":"\u00c7ARKMAT\u0130K - Mostek Elektronik","isPartOf":{"@id":"https:\/\/mostekelektronik.com\/#website"},"primaryImageOfPage":{"@id":"https:\/\/mostekelektronik.com\/index.php\/urunlerimiz\/carkmatik-alisveriste-yeni-eglenceniz\/#primaryimage"},"image":{"@id":"https:\/\/mostekelektronik.com\/index.php\/urunlerimiz\/carkmatik-alisveriste-yeni-eglenceniz\/#primaryimage"},"thumbnailUrl":"https:\/\/mostekelektronik.com\/wp-content\/uploads\/2025\/12\/Gemini_Generated_Image_7894br7894br7894-scaled.png","datePublished":"2025-11-30T14:00:59+00:00","dateModified":"2025-12-18T20:08:26+00:00","breadcrumb":{"@id":"https:\/\/mostekelektronik.com\/index.php\/urunlerimiz\/carkmatik-alisveriste-yeni-eglenceniz\/#breadcrumb"},"inLanguage":"tr","potentialAction":[{"@type":"ReadAction","target":["https:\/\/mostekelektronik.com\/index.php\/urunlerimiz\/carkmatik-alisveriste-yeni-eglenceniz\/"]}]},{"@type":"ImageObject","inLanguage":"tr","@id":"https:\/\/mostekelektronik.com\/index.php\/urunlerimiz\/carkmatik-alisveriste-yeni-eglenceniz\/#primaryimage","url":"https:\/\/mostekelektronik.com\/wp-content\/uploads\/2025\/12\/Gemini_Generated_Image_7894br7894br7894-scaled.png","contentUrl":"https:\/\/mostekelektronik.com\/wp-content\/uploads\/2025\/12\/Gemini_Generated_Image_7894br7894br7894-scaled.png","width":2560,"height":1429,"caption":"\u00c7arkmatik ile indirimli \u00fcr\u00fcnler ve kampanyalar yapmak \u00e7ok e\u011flenceli"},{"@type":"BreadcrumbList","@id":"https:\/\/mostekelektronik.com\/index.php\/urunlerimiz\/carkmatik-alisveriste-yeni-eglenceniz\/#breadcrumb","itemListElement":[{"@type":"ListItem","position":1,"name":"Anasayfa","item":"https:\/\/mostekelektronik.com\/"},{"@type":"ListItem","position":2,"name":"\u00dcr\u00fcnlerimiz","item":"https:\/\/mostekelektronik.com\/index.php\/urunlerimiz\/"},{"@type":"ListItem","position":3,"name":"\u00c7ARKMAT\u0130K"}]},{"@type":"WebSite","@id":"https:\/\/mostekelektronik.com\/#website","url":"https:\/\/mostekelektronik.com\/","name":"Mostek Elektronik","description":"Oyuncak Yakalama, Boks, Makas Matik, \u00c7arkmatik","publisher":{"@id":"https:\/\/mostekelektronik.com\/#organization"},"potentialAction":[{"@type":"SearchAction","target":{"@type":"EntryPoint","urlTemplate":"https:\/\/mostekelektronik.com\/?s={search_term_string}"},"query-input":{"@type":"PropertyValueSpecification","valueRequired":true,"valueName":"search_term_string"}}],"inLanguage":"tr"},{"@type":"Organization","@id":"https:\/\/mostekelektronik.com\/#organization","name":"Mostek Elektronik","url":"https:\/\/mostekelektronik.com\/","logo":{"@type":"ImageObject","inLanguage":"tr","@id":"https:\/\/mostekelektronik.com\/#\/schema\/logo\/image\/","url":"https:\/\/mostekelektronik.com\/wp-content\/uploads\/2025\/04\/cropped-logo.png","contentUrl":"https:\/\/mostekelektronik.com\/wp-content\/uploads\/2025\/04\/cropped-logo.png","width":172,"height":48,"caption":"Mostek Elektronik"},"image":{"@id":"https:\/\/mostekelektronik.com\/#\/schema\/logo\/image\/"}}]}},"_links":{"self":[{"href":"https:\/\/mostekelektronik.com\/index.php\/wp-json\/wp\/v2\/pages\/119","targetHints":{"allow":["GET"]}}],"collection":[{"href":"https:\/\/mostekelektronik.com\/index.php\/wp-json\/wp\/v2\/pages"}],"about":[{"href":"https:\/\/mostekelektronik.com\/index.php\/wp-json\/wp\/v2\/types\/page"}],"author":[{"embeddable":true,"href":"https:\/\/mostekelektronik.com\/index.php\/wp-json\/wp\/v2\/users\/1"}],"replies":[{"embeddable":true,"href":"https:\/\/mostekelektronik.com\/index.php\/wp-json\/wp\/v2\/comments?post=119"}],"version-history":[{"count":5,"href":"https:\/\/mostekelektronik.com\/index.php\/wp-json\/wp\/v2\/pages\/119\/revisions"}],"predecessor-version":[{"id":297,"href":"https:\/\/mostekelektronik.com\/index.php\/wp-json\/wp\/v2\/pages\/119\/revisions\/297"}],"up":[{"embeddable":true,"href":"https:\/\/mostekelektronik.com\/index.php\/wp-json\/wp\/v2\/pages\/15"}],"wp:featuredmedia":[{"embeddable":true,"href":"https:\/\/mostekelektronik.com\/index.php\/wp-json\/wp\/v2\/media\/259"}],"wp:attachment":[{"href":"https:\/\/mostekelektronik.com\/index.php\/wp-json\/wp\/v2\/media?parent=119"}],"curies":[{"name":"wp","href":"https:\/\/api.w.org\/{rel}","templated":true}]}}